{"id":3775,"date":"2024-03-08T11:46:19","date_gmt":"2024-03-08T10:46:19","guid":{"rendered":"https:\/\/tilckets-pompei.com\/?page_id=3775"},"modified":"2025-02-20T09:50:27","modified_gmt":"2025-02-20T08:50:27","slug":"terms-and-conditions","status":"publish","type":"page","link":"https:\/\/tilckets-pompei.com\/de\/terms-and-conditions\/","title":{"rendered":"Terms and conditions"},"content":{"rendered":"<p style=\"text-align: center;\"><img decoding=\"async\" class=\"aligncenter size-full wp-image-2347\" src=\"https:\/\/tilckets-pompei.com\/wp-content\/uploads\/2024\/03\/gabarit-photo-mentions.png\" alt=\"photo\" \/><\/p>\n<p>&nbsp;<\/p>\n<h2><\/h2>\n<h3 style=\"text-align: center;\"><strong>\u2022<br \/>\n1. RECHTLICHER HINWEIS<br \/>\n<\/strong><\/h3>\n<p style=\"text-align: center;\">Die Website https:\/\/tilckets-pompei.com ist eine tilckets-Werbeseite f\u00fcr den Kartenverkauf, die mit Tiqets verbunden ist,<br \/>\neinem der Anbieter von Online-Ticketing-Dienstleistungen f\u00fcr die Pomp\u00e9i. tilckets erm\u00f6glicht Ihnen \u00fcber diese Website, Ihre Online-Buchung mit zahlreichen Besuchsoptionen \u00fcber die sichere Plattform von Tiqets durchzuf\u00fchren. Wir weisen darauf hin, dass die Website von tilckets nicht die offizielle Website ist, sondern eine mit Tiqets verbundene Marke.<\/p>\n<p style=\"text-align: center;\">Diese Website steht nicht in Verbindung mit der offiziellen Website der Pomp\u00e9i.<\/p>\n<p style=\"text-align: center;\">Herr Perillat ist der Gesch\u00e4ftsf\u00fchrer des Unternehmens SOCREATIV&#8216;,<br \/>\nSOCREATIV&#8216;, das die Marke tilckets unter der Nummer 5017171 registriert hat.<br \/>\nSARL, die im Handelsregister von Bordeaux unter der Nr.788838316<br \/>\neingetragen ist und ihren Sitz in Bord&#8220;eau Village H15 NOW | Quai des Chartrons | 33300 Bordeaux hat.<\/p>\n<p style=\"text-align: center;\">Bei Anfragen oder Anmerkungen kontaktieren Sie uns bitte per E-Mail an <a href=\"mailto:contact-us@tilckets.com\">contact-us@tilckets.com<\/a><\/p>\n<p>&nbsp;<\/p>\n<h3 style=\"text-align: center;\"><strong>2. PERS\u00d6NLICHE DATEN<\/strong><\/h3>\n<p style=\"text-align: center;\">Da der Verkauf \u00fcber Tiqets abgewickelt wird, werden auf dieser Website keine pers\u00f6nlichen Daten gesammelt.<\/p>\n<p style=\"text-align: center;\">HOSTING-ANBIETER: OVH<br \/>\n2 rue Kellermann &#8211; 59100 Roubaix &#8211; Frankreich.<br \/>\nTelefon: +33 (0)8 99 70 17 61 &#8211; Mail: support@ovh.com<\/p>\n<h3 style=\"text-align: center;\"><strong><br \/>\n3. COOKIE-RICHTLINIE<br \/>\n<\/strong><\/h3>\n<p style=\"text-align: center;\"><strong>1. Definition :<\/strong><br \/>\n&#8222;Cookies&#8220; sind Datendateien, die eine Website an Ihren Computer sendet, w\u00e4hrend Sie auf der Website angemeldet sind.<br \/>\nDiese Datendateien enthalten Informationen, die es der Website erm\u00f6glichen, sich an wichtige Informationen zu erinnern, die Ihnen eine effizientere Nutzung der Website erm\u00f6glichen.<br \/>\nUnsere Website verwendet Cookies f\u00fcr eine Vielzahl von Zwecken.<\/p>\n<p style=\"text-align: center;\"><strong>2. Verwendung :<\/strong><br \/>\ntilckets verwendet die Cookie-Technologie und IP-Adressen, um Informationen \u00fcber Online-Besucher zu erhalten und auch, um den abonnierten Besuchern die beste personalisierte Online-Erfahrung zu bieten. Die Besucher unserer Websites verwenden unterschiedliche Webbrowser und Computer. Um Ihre Besuche mit der von Ihnen verwendeten Technologie so einfach wie m\u00f6glich zu gestalten, verfolgen wir automatisch den Typ des Browsers (z. B. Internet Explorer) und das Betriebssystem (z. B. Windows, Mac), das ein Besucher verwendet, zusammen mit dem Domainnamen des Internetanbieters des Besuchers. Wir verfolgen auch die Gesamtzahl der Besucher auf unserer Website in aggregierter Form, damit wir unsere Websites aktualisieren und verbessern k\u00f6nnen. Diese Daten zeigen uns, ob mehr Besucher bestimmte Funktionen oder Bereiche gegen\u00fcber anderen bevorzugen, was uns dabei hilft, unsere Website zu aktualisieren und sie f\u00fcr die Mehrheit unserer Besucher interessant zu machen. Wir verwenden auch Cookies von Google Analytics. Diese Cookies helfen uns, die Inhalte zu identifizieren, die f\u00fcr Sie am interessantesten sind, und bestimmte Fehlfunktionen zu erkennen. Ihre Navigationsdaten auf dieser Website werden in anonymisierter Form an Google Inc. gesendet. Sie k\u00f6nnen jederzeit entscheiden, ob Sie Cookies von der tilckets-Website akzeptieren oder nicht.<\/p>\n<p style=\"text-align: center;\"><strong>3. Information des Besuchers :<\/strong><br \/>\nDer Besucher, der die Startseite der Website von tilckets besucht, wird \u00fcber Folgendes informiert:<br \/>\n\u00dcber die genauen Zwecke der verwendeten Cookies ;<br \/>\n\u00dcber die M\u00f6glichkeit, sich diesen Cookies zu widersetzen und die Einstellungen zu \u00e4ndern, indem Sie auf einen Link im Banner klicken;<br \/>\nDie Tatsache, dass die Fortsetzung seiner Navigation als Zustimmung zur Ablage von Cookies auf seinem Terminal gilt.<\/p>\n<p style=\"text-align: center;\">Um die freie, informierte und unmissverst\u00e4ndliche Zustimmung des Besuchers zu gew\u00e4hrleisten,<br \/>\nwird das Banner erst dann verschwinden, wenn der Besucher seine Navigation fortsetzt.<\/p>\n<p style=\"text-align: center;\"><strong><br \/>\n4. Dauer der Speicherung von Cookies :<\/strong><br \/>\nGem\u00e4\u00df den Empfehlungen der CNIL betr\u00e4gt die maximale Speicherdauer von Cookies maximal dreizehn (13) Monate nach ihrer ersten Ablage im Endger\u00e4t des Kunden, ebenso wie die Dauer der G\u00fcltigkeit der Zustimmung des Besuchers zur Verwendung dieser Cookies. Die G\u00fcltigkeitsdauer der Cookies wird nicht bei jedem Besuch verl\u00e4ngert. Die Zustimmung des Besuchers muss daher nach Ablauf dieser Frist erneuert werden.<\/p>\n<p style=\"text-align: center;\"><strong><br \/>\n5. Web Beacons:<\/strong><br \/>\nEinige unserer Webseiten und E-Mail-Informationen k\u00f6nnen elektronische Bilder enthalten, die als Web Beacons bezeichnet werden, manchmal auch als 1-Pixel-GIFs, unsichtbare GIFs oder 1-Pixel-Tags. Auf den Websites erm\u00f6glichen sie es, die Besucher zu z\u00e4hlen, die unsere Seiten aufgerufen haben. In Werbebotschaften\/Newslettern k\u00f6nnen wir mithilfe von Web-Beacons z\u00e4hlen, wie viele Abonnenten sie gelesen haben. Web-Beacons erm\u00f6glichen es uns, statistische Informationen \u00fcber die Aktivit\u00e4ten und Funktionen zu entwickeln, die f\u00fcr unsere Besucher am interessantesten sind, damit wir ihnen mehr personalisierte Inhalte anbieten k\u00f6nnen. Sie werden nicht dazu verwendet, ohne Ihre Zustimmung auf Ihre pers\u00f6nlichen Daten zuzugreifen.<\/p>\n<p style=\"text-align: center;\"><strong>6. Wie kann ich Cookies abbestellen?<\/strong><br \/>\nWenn Sie keine Cookies w\u00fcnschen, k\u00f6nnen Sie Ihren Computer so einstellen, dass er Sie jedes Mal benachrichtigt, wenn ein Cookie gesendet wird, oder Sie k\u00f6nnen \u00fcber Ihren Browser (z. B. Internet Explorer oder Firefox) alle Cookies deaktivieren.<br \/>\nDer Nutzer kann seinen Computer wie folgt konfigurieren, um die Installation von Cookies abzulehnen:<\/p>\n<p style=\"text-align: center;\">Unter Internet Explorer: Registerkarte Extras (Zahnrad-Piktogramm oben rechts) \/ Internetoptionen \/ Klicken Sie auf Datenschutz \/ w\u00e4hlen Sie Alle Cookies blockieren \/ Best\u00e4tigen Sie mit Ok.<\/p>\n<p style=\"text-align: center;\"><strong>Unter Firefox:<\/strong> Klicken Sie oben im Browserfenster auf die Firefox-Schaltfl\u00e4che und gehen Sie dann zur Registerkarte Optionen \/ Klicken Sie auf die Registerkarte Datenschutz \/ Stellen Sie die Aufbewahrungsregeln auf: Benutzerdefinierte Einstellungen f\u00fcr den Verlauf verwenden \/ Deaktivieren Sie schlie\u00dflich das Kontrollk\u00e4stchen, um die Cookies zu deaktivieren.<\/p>\n<p style=\"text-align: center;\"><strong>Unter Safari:<\/strong> Klicken Sie oben rechts im Browser auf das Men\u00fcpiktogramm (symbolisiert durch ein Zahnrad) \/ W\u00e4hlen Sie Einstellungen \/ Klicken Sie auf Erweiterte Einstellungen anzeigen \/ Klicken Sie im Abschnitt Datenschutz auf Inhaltseinstellungen \/ Im Abschnitt Cookies k\u00f6nnen Sie Cookies blockieren.<\/p>\n<p style=\"text-align: center;\"><strong>Unter Chrome:<\/strong> Klicken Sie oben rechts im Browser auf das Men\u00fc-Piktogramm (symbolisiert durch drei horizontale Linien) \/ W\u00e4hlen Sie Einstellungen \/ Klicken Sie auf Erweiterte Einstellungen anzeigen \/ Klicken Sie im Abschnitt Datenschutz auf Einstellungen \/ Auf der Registerkarte Datenschutz k\u00f6nnen Sie Cookies blockieren.<\/p>\n<p style=\"text-align: center;\">Alternativ k\u00f6nnen Sie <a href=\"http:\/\/www.aboutcookies.org\">www.aboutcookies.org<\/a> besuchen, die umfassende Informationen dar\u00fcber enth\u00e4lt, wie Sie bei vielen Browsern vorgehen m\u00fcssen. Dort finden Sie auch Einzelheiten dazu, wie Sie Cookies von Ihrem Computer l\u00f6schen k\u00f6nnen, sowie allgemeinere Informationen zu Cookies. F\u00fcr diesbez\u00fcgliche Informationen \u00fcber den Browser Ihres Mobiltelefons m\u00fcssen Sie das Handbuch Ihres Ger\u00e4ts konsultieren.<\/p>\n<p style=\"text-align: center;\">Bitte beachten Sie, dass das Verbot von Cookies Auswirkungen auf die Funktionalit\u00e4t der tilckets-Website haben kann.<\/p>\n<p>&nbsp;<\/p>\n","protected":false},"excerpt":{"rendered":"&nbsp; \u2022 1. RECHTLICHER HINWEIS Die Website https:\/\/tilckets-pompei.com ist eine tilckets-Werbeseite f\u00fcr den Kartenverkauf, die mit Tiqets verbunden ist, einem der Anbieter von Online-Ticketing-Dienstleistungen f\u00fcr die Pomp\u00e9i. tilckets erm\u00f6glicht Ihnen \u00fcber diese Website, Ihre Online-Buchung mit zahlreichen Besuchsoptionen \u00fcber die sichere Plattform von Tiqets durchzuf\u00fchren. Wir weisen darauf hin, dass die Website von tilckets nicht&#8230; <a class=\"view-article\" href=\"https:\/\/tilckets-pompei.com\/de\/terms-and-conditions\/\">Artikel ansehen<\/a>","protected":false},"author":3,"featured_media":0,"parent":0,"menu_order":0,"comment_status":"closed","ping_status":"closed","template":"","meta":{"_acf_changed":false,"footnotes":""},"class_list":["post-3775","page","type-page","status-publish","hentry"],"acf":[],"yoast_head":"<!-- This site is optimized with the Yoast SEO plugin v27.4 - https:\/\/yoast.com\/product\/yoast-seo-wordpress\/ -->\n<title>Terms and conditions - Online ticketing service provider<\/title>\n<meta name=\"robots\" content=\"index, follow, max-snippet:-1, max-image-preview:large, max-video-preview:-1\" \/>\n<link rel=\"canonical\" href=\"https:\/\/tilckets-pompei.com\/de\/terms-and-conditions\/\" \/>\n<meta property=\"og:locale\" content=\"de_DE\" \/>\n<meta property=\"og:type\" content=\"article\" \/>\n<meta property=\"og:title\" content=\"Terms and conditions - Online ticketing service provider\" \/>\n<meta property=\"og:description\" content=\"&nbsp; \u2022 1. RECHTLICHER HINWEIS Die Website https:\/\/tilckets-pompei.com ist eine tilckets-Werbeseite f\u00fcr den Kartenverkauf, die mit Tiqets verbunden ist, einem der Anbieter von Online-Ticketing-Dienstleistungen f\u00fcr die Pomp\u00e9i. tilckets erm\u00f6glicht Ihnen \u00fcber diese Website, Ihre Online-Buchung mit zahlreichen Besuchsoptionen \u00fcber die sichere Plattform von Tiqets durchzuf\u00fchren. Wir weisen darauf hin, dass die Website von tilckets nicht... Artikel ansehen\" \/>\n<meta property=\"og:url\" content=\"https:\/\/tilckets-pompei.com\/de\/terms-and-conditions\/\" \/>\n<meta property=\"og:site_name\" content=\"Online ticketing service provider\" \/>\n<meta property=\"article:modified_time\" content=\"2025-02-20T08:50:27+00:00\" \/>\n<meta property=\"og:image\" content=\"https:\/\/tilckets-pompei.com\/wp-content\/uploads\/2024\/03\/gabarit-photo-mentions.png\" \/>\n<meta name=\"twitter:card\" content=\"summary_large_image\" \/>\n<meta name=\"twitter:label1\" content=\"Gesch\u00e4tzte Lesezeit\" \/>\n\t<meta name=\"twitter:data1\" content=\"5\u00a0Minuten\" \/>\n<script type=\"application\/ld+json\" class=\"yoast-schema-graph\">{\"@context\":\"https:\\\/\\\/schema.org\",\"@graph\":[{\"@type\":\"WebPage\",\"@id\":\"https:\\\/\\\/tilckets-pompei.com\\\/de\\\/terms-and-conditions\\\/\",\"url\":\"https:\\\/\\\/tilckets-pompei.com\\\/de\\\/terms-and-conditions\\\/\",\"name\":\"Terms and conditions - Online ticketing service provider\",\"isPartOf\":{\"@id\":\"https:\\\/\\\/tilckets-pompei.com\\\/#website\"},\"primaryImageOfPage\":{\"@id\":\"https:\\\/\\\/tilckets-pompei.com\\\/de\\\/terms-and-conditions\\\/#primaryimage\"},\"image\":{\"@id\":\"https:\\\/\\\/tilckets-pompei.com\\\/de\\\/terms-and-conditions\\\/#primaryimage\"},\"thumbnailUrl\":\"https:\\\/\\\/tilckets-pompei.com\\\/wp-content\\\/uploads\\\/2024\\\/03\\\/gabarit-photo-mentions.png\",\"datePublished\":\"2024-03-08T10:46:19+00:00\",\"dateModified\":\"2025-02-20T08:50:27+00:00\",\"breadcrumb\":{\"@id\":\"https:\\\/\\\/tilckets-pompei.com\\\/de\\\/terms-and-conditions\\\/#breadcrumb\"},\"inLanguage\":\"de\",\"potentialAction\":[{\"@type\":\"ReadAction\",\"target\":[\"https:\\\/\\\/tilckets-pompei.com\\\/de\\\/terms-and-conditions\\\/\"]}]},{\"@type\":\"ImageObject\",\"inLanguage\":\"de\",\"@id\":\"https:\\\/\\\/tilckets-pompei.com\\\/de\\\/terms-and-conditions\\\/#primaryimage\",\"url\":\"https:\\\/\\\/tilckets-pompei.com\\\/wp-content\\\/uploads\\\/2024\\\/03\\\/gabarit-photo-mentions.png\",\"contentUrl\":\"https:\\\/\\\/tilckets-pompei.com\\\/wp-content\\\/uploads\\\/2024\\\/03\\\/gabarit-photo-mentions.png\"},{\"@type\":\"BreadcrumbList\",\"@id\":\"https:\\\/\\\/tilckets-pompei.com\\\/de\\\/terms-and-conditions\\\/#breadcrumb\",\"itemListElement\":[{\"@type\":\"ListItem\",\"position\":1,\"name\":\"Accueil\",\"item\":\"https:\\\/\\\/tilckets-pompei.com\\\/de\\\/\"},{\"@type\":\"ListItem\",\"position\":2,\"name\":\"Terms and conditions\"}]},{\"@type\":\"WebSite\",\"@id\":\"https:\\\/\\\/tilckets-pompei.com\\\/#website\",\"url\":\"https:\\\/\\\/tilckets-pompei.com\\\/\",\"name\":\"Online ticketing service provider\",\"description\":\"D\u00e9couvrez le ticket Pomp\u00e9i pour visiter la cit\u00e9 Arch\u00e9ologique de Naples\",\"potentialAction\":[{\"@type\":\"SearchAction\",\"target\":{\"@type\":\"EntryPoint\",\"urlTemplate\":\"https:\\\/\\\/tilckets-pompei.com\\\/?s={search_term_string}\"},\"query-input\":{\"@type\":\"PropertyValueSpecification\",\"valueRequired\":true,\"valueName\":\"search_term_string\"}}],\"inLanguage\":\"de\"}]}<\/script>\n<!-- \/ Yoast SEO plugin. -->","yoast_head_json":{"title":"Terms and conditions - Online ticketing service provider","robots":{"index":"index","follow":"follow","max-snippet":"max-snippet:-1","max-image-preview":"max-image-preview:large","max-video-preview":"max-video-preview:-1"},"canonical":"https:\/\/tilckets-pompei.com\/de\/terms-and-conditions\/","og_locale":"de_DE","og_type":"article","og_title":"Terms and conditions - Online ticketing service provider","og_description":"&nbsp; \u2022 1. RECHTLICHER HINWEIS Die Website https:\/\/tilckets-pompei.com ist eine tilckets-Werbeseite f\u00fcr den Kartenverkauf, die mit Tiqets verbunden ist, einem der Anbieter von Online-Ticketing-Dienstleistungen f\u00fcr die Pomp\u00e9i. tilckets erm\u00f6glicht Ihnen \u00fcber diese Website, Ihre Online-Buchung mit zahlreichen Besuchsoptionen \u00fcber die sichere Plattform von Tiqets durchzuf\u00fchren. Wir weisen darauf hin, dass die Website von tilckets nicht... Artikel ansehen","og_url":"https:\/\/tilckets-pompei.com\/de\/terms-and-conditions\/","og_site_name":"Online ticketing service provider","article_modified_time":"2025-02-20T08:50:27+00:00","og_image":[{"url":"https:\/\/tilckets-pompei.com\/wp-content\/uploads\/2024\/03\/gabarit-photo-mentions.png","type":"","width":"","height":""}],"twitter_card":"summary_large_image","twitter_misc":{"Gesch\u00e4tzte Lesezeit":"5\u00a0Minuten"},"schema":{"@context":"https:\/\/schema.org","@graph":[{"@type":"WebPage","@id":"https:\/\/tilckets-pompei.com\/de\/terms-and-conditions\/","url":"https:\/\/tilckets-pompei.com\/de\/terms-and-conditions\/","name":"Terms and conditions - Online ticketing service provider","isPartOf":{"@id":"https:\/\/tilckets-pompei.com\/#website"},"primaryImageOfPage":{"@id":"https:\/\/tilckets-pompei.com\/de\/terms-and-conditions\/#primaryimage"},"image":{"@id":"https:\/\/tilckets-pompei.com\/de\/terms-and-conditions\/#primaryimage"},"thumbnailUrl":"https:\/\/tilckets-pompei.com\/wp-content\/uploads\/2024\/03\/gabarit-photo-mentions.png","datePublished":"2024-03-08T10:46:19+00:00","dateModified":"2025-02-20T08:50:27+00:00","breadcrumb":{"@id":"https:\/\/tilckets-pompei.com\/de\/terms-and-conditions\/#breadcrumb"},"inLanguage":"de","potentialAction":[{"@type":"ReadAction","target":["https:\/\/tilckets-pompei.com\/de\/terms-and-conditions\/"]}]},{"@type":"ImageObject","inLanguage":"de","@id":"https:\/\/tilckets-pompei.com\/de\/terms-and-conditions\/#primaryimage","url":"https:\/\/tilckets-pompei.com\/wp-content\/uploads\/2024\/03\/gabarit-photo-mentions.png","contentUrl":"https:\/\/tilckets-pompei.com\/wp-content\/uploads\/2024\/03\/gabarit-photo-mentions.png"},{"@type":"BreadcrumbList","@id":"https:\/\/tilckets-pompei.com\/de\/terms-and-conditions\/#breadcrumb","itemListElement":[{"@type":"ListItem","position":1,"name":"Accueil","item":"https:\/\/tilckets-pompei.com\/de\/"},{"@type":"ListItem","position":2,"name":"Terms and conditions"}]},{"@type":"WebSite","@id":"https:\/\/tilckets-pompei.com\/#website","url":"https:\/\/tilckets-pompei.com\/","name":"Online ticketing service provider","description":"D\u00e9couvrez le ticket Pomp\u00e9i pour visiter la cit\u00e9 Arch\u00e9ologique de Naples","potentialAction":[{"@type":"SearchAction","target":{"@type":"EntryPoint","urlTemplate":"https:\/\/tilckets-pompei.com\/?s={search_term_string}"},"query-input":{"@type":"PropertyValueSpecification","valueRequired":true,"valueName":"search_term_string"}}],"inLanguage":"de"}]}},"_links":{"self":[{"href":"https:\/\/tilckets-pompei.com\/de\/wp-json\/wp\/v2\/pages\/3775","targetHints":{"allow":["GET"]}}],"collection":[{"href":"https:\/\/tilckets-pompei.com\/de\/wp-json\/wp\/v2\/pages"}],"about":[{"href":"https:\/\/tilckets-pompei.com\/de\/wp-json\/wp\/v2\/types\/page"}],"author":[{"embeddable":true,"href":"https:\/\/tilckets-pompei.com\/de\/wp-json\/wp\/v2\/users\/3"}],"replies":[{"embeddable":true,"href":"https:\/\/tilckets-pompei.com\/de\/wp-json\/wp\/v2\/comments?post=3775"}],"version-history":[{"count":6,"href":"https:\/\/tilckets-pompei.com\/de\/wp-json\/wp\/v2\/pages\/3775\/revisions"}],"predecessor-version":[{"id":5382,"href":"https:\/\/tilckets-pompei.com\/de\/wp-json\/wp\/v2\/pages\/3775\/revisions\/5382"}],"wp:attachment":[{"href":"https:\/\/tilckets-pompei.com\/de\/wp-json\/wp\/v2\/media?parent=3775"}],"curies":[{"name":"wp","href":"https:\/\/api.w.org\/{rel}","templated":true}]}}