{"id":3803,"date":"2024-03-08T14:28:05","date_gmt":"2024-03-08T13:28:05","guid":{"rendered":"https:\/\/tilckets-pompei.com\/?page_id=3803"},"modified":"2025-02-20T09:51:19","modified_gmt":"2025-02-20T08:51:19","slug":"terms-and-conditions","status":"publish","type":"page","link":"https:\/\/tilckets-pompei.com\/ja\/terms-and-conditions\/","title":{"rendered":"Terms and conditions"},"content":{"rendered":"<p style=\"text-align: center;\"><img decoding=\"async\" class=\"aligncenter size-full wp-image-2347\" src=\"https:\/\/tilckets-pompei.com\/wp-content\/uploads\/2024\/03\/gabarit-photo-mentions.png\" alt=\"photo\" \/><\/p>\n<p>&nbsp;<\/p>\n<h2><\/h2>\n<h3 style=\"text-align: center;\"><strong>\u2022<br \/>\n1. \u6cd5\u7684\u60c5\u5831<br \/>\n<\/strong><\/h3>\n<p style=\"text-align: center;\">https:\/\/tilckets-pompei.com\/ \u30b5\u30a4\u30c8\u306f\u3001Tiqets\u793e\u3068\u63d0\u643a\u3057\u3066Tiqets\u793e\u304c\u4f5c\u6210\u3057\u305f\u30d7\u30ed\u30e2\u30fc\u30b7\u30e7\u30f3\u30b5\u30a4\u30c8\u3067\u3059\u3002<br \/>\nTiqets\u793e\u306f\u3001\u8003\u53e4\u5b66\u90fd\u5e02\u30dd\u30f3\u30da\u30a4\u306e\u30aa\u30f3\u30e9\u30a4\u30f3\u30fb\u30c1\u30b1\u30c3\u30c8\u30fb\u30b5\u30fc\u30d3\u30b9\u30fb\u30d7\u30ed\u30d0\u30a4\u30c0\u30fc\u306e\u3072\u3068\u3064\u3067\u3042\u308b\u3002<br \/>\ntilckets\u30b5\u30a4\u30c8\u3067\u306f\u3001Tiqets\u306e\u5b89\u5168\u306a\u30d7\u30e9\u30c3\u30c8\u30d5\u30a9\u30fc\u30e0\u3092\u901a\u3058\u3066\u3001\u3055\u307e\u3056\u307e\u306a\u30c4\u30a2\u30fc\u30aa\u30d7\u30b7\u30e7\u30f3\u3092\u30aa\u30f3\u30e9\u30a4\u30f3\u3067\u4e88\u7d04\u3059\u308b\u3053\u3068\u304c\u3067\u304d\u307e\u3059\u3002tilckets\u30b5\u30a4\u30c8\u306f\u516c\u5f0f\u30b5\u30a4\u30c8\u3067\u306f\u306a\u304f\u3001Tiqets\u306e\u63d0\u643a\u30d6\u30e9\u30f3\u30c9\u3067\u3042\u308b\u3053\u3068\u306b\u3054\u6ce8\u610f\u304f\u3060\u3055\u3044\u3002<\/p>\n<p style=\"text-align: center;\">\u3053\u306e\u30b5\u30a4\u30c8\u306f\u30dd\u30f3\u30da\u30a4\u8003\u53e4\u5b66\u90fd\u5e02\u516c\u5f0f\u30b5\u30a4\u30c8\u3068\u306f\u30ea\u30f3\u30af\u3057\u3066\u3044\u307e\u305b\u3093\u3002<\/p>\n<p style=\"text-align: center;\">Perillat\u6c0f\u306fSOCREATIV&#8217;, SOCREATIV&#8217;\u793e\u306e\u30de\u30cd\u30fc\u30b8\u30e3\u30fc\u3067\u3042\u308a\u3001SOCREATIV&#8217;\u793e\u306f5017171\u756a\u3067tilckets\u5546\u6a19\u306e\u767b\u9332\u6240\u6709\u8005\u3067\u3059\u3002<br \/>\nSARL\u306f\u30dc\u30eb\u30c9\u30fc\u8cbf\u6613\u4f1a\u793e\u767b\u9332\u756a\u53f7788838316\u3067\u767b\u9332\u3055\u308c\u3066\u304a\u308a\u3001\u767b\u9332\u4e8b\u52d9\u6240\u306fBord&#8221;eau Village H15 NOW | Quai des Chartrons | 33300 Bordeaux\u306b\u3042\u308a\u307e\u3059\u3002<\/p>\n<p style=\"text-align: center;\">\u3054\u8cea\u554f\u3084\u3054\u610f\u898b\u304c\u3054\u3056\u3044\u307e\u3057\u305f\u3089\u3001<a href=\"mailto:contact-us@tilckets.com\">contact-us@tilckets.com<\/a> \u307e\u3067\u96fb\u5b50\u30e1\u30fc\u30eb\u306b\u3066\u3054\u9023\u7d61\u304f\u3060\u3055\u3044\u3002<\/p>\n<p>&nbsp;<\/p>\n<h3 style=\"text-align: center;\"><strong>2. \u500b\u4eba\u30c7\u30fc\u30bf<\/strong><\/h3>\n<p style=\"text-align: center;\">\u8ca9\u58f2\u306fTiqets\u304c\u884c\u3046\u305f\u3081\u3001\u3053\u306e\u30b5\u30a4\u30c8\u3067\u500b\u4eba\u60c5\u5831\u304c\u53ce\u96c6\u3055\u308c\u308b\u3053\u3068\u306f\u3042\u308a\u307e\u305b\u3093\u3002<\/p>\n<p style=\"text-align: center;\">\u30db\u30b9\u30c8: OVH<br \/>\n2 rue Kellermann &#8211; 59100 Roubaix &#8211; France.<br \/>\n\u96fb\u8a71: +33 (0)8 99 70 17 61 &#8211; \u30e1\u30fc\u30eb: support@ovh.com<\/p>\n<h3 style=\"text-align: center;\"><strong><br \/>\n3. \u30af\u30c3\u30ad\u30fc\u30dd\u30ea\u30b7\u30fc<br \/>\n<\/strong><\/h3>\n<p style=\"text-align: center;\"><strong>1. \u5b9a\u7fa9\uff1a<\/strong><br \/>\n\u30af\u30c3\u30ad\u30fc\uff08Cookies\uff09\u300d\u3068\u306f\u3001\u304a\u5ba2\u69d8\u304c\u30b5\u30a4\u30c8\u306b\u63a5\u7d9a\u3057\u3066\u3044\u308b\u9593\u3001\u30a6\u30a7\u30d6\u30b5\u30a4\u30c8\u304c\u304a\u5ba2\u69d8\u306e\u30b3\u30f3\u30d4\u30e5\u30fc\u30bf\u306b\u9001\u4fe1\u3059\u308b\u30c7\u30fc\u30bf\u30d5\u30a1\u30a4\u30eb\u3067\u3059\u3002<br \/>\n\u3053\u308c\u3089\u306e\u30c7\u30fc\u30bf\u30d5\u30a1\u30a4\u30eb\u306b\u306f\u3001\u304a\u5ba2\u69d8\u304c\u30b5\u30a4\u30c8\u3092\u3088\u308a\u52b9\u679c\u7684\u306b\u5229\u7528\u3067\u304d\u308b\u3088\u3046\u306b\u3059\u308b\u305f\u3081\u306e\u91cd\u8981\u306a\u60c5\u5831\u3092\u30b5\u30a4\u30c8\u304c\u8a18\u61b6\u3059\u308b\u305f\u3081\u306e\u60c5\u5831\u304c\u542b\u307e\u308c\u3066\u3044\u307e\u3059\u3002<br \/>\n\u5f53\u30b5\u30a4\u30c8\u3067\u306f\u3001\u69d8\u3005\u306a\u76ee\u7684\u3067\u30af\u30c3\u30ad\u30fc\u3092\u4f7f\u7528\u3057\u3066\u3044\u307e\u3059\u3002<\/p>\n<p style=\"text-align: center;\"><strong>2. \u4f7f\u7528\u65b9\u6cd5\uff1a<\/strong><br \/>\ntilckets\u306f\u3001\u30af\u30c3\u30ad\u30fc\u6280\u8853\u3068IP\u30a2\u30c9\u30ec\u30b9\u3092\u4f7f\u7528\u3057\u3066\u3001\u30aa\u30f3\u30e9\u30a4\u30f3\u8a2a\u554f\u8005\u306b\u95a2\u3059\u308b\u60c5\u5831\u3092\u53d6\u5f97\u3057\u3001\u8cfc\u8aad\u3057\u3066\u3044\u308b\u8a2a\u554f\u8005\u306b\u6700\u9ad8\u306e\u30d1\u30fc\u30bd\u30ca\u30e9\u30a4\u30ba\u3055\u308c\u305f\u30aa\u30f3\u30e9\u30a4\u30f3\u4f53\u9a13\u3092\u63d0\u4f9b\u3057\u307e\u3059\u3002\u5f53\u793e\u306e\u30b5\u30a4\u30c8\u3078\u306e\u8a2a\u554f\u8005\u306f\u3001\u7570\u306a\u308b\u30a6\u30a7\u30d6\u30d6\u30e9\u30a6\u30b6\u3068\u7570\u306a\u308b\u30b3\u30f3\u30d4\u30e5\u30fc\u30bf\u3092\u4f7f\u7528\u3057\u3066\u3044\u307e\u3059\u3002\u5f0a\u793e\u3067\u306f\u3001\u304a\u5ba2\u69d8\u304c\u4f7f\u7528\u3059\u308b\u6280\u8853\u306b\u3088\u308a\u3001\u53ef\u80fd\u306a\u9650\u308a\u7c21\u5358\u306b\u8a2a\u554f\u3057\u3066\u3044\u305f\u3060\u3051\u308b\u3088\u3046\u3001\u8a2a\u554f\u8005\u304c\u4f7f\u7528\u3059\u308b\u30d6\u30e9\u30a6\u30b6\u306e\u7a2e\u985e\uff08Internet Explorer\u306a\u3069\uff09\u304a\u3088\u3073\u30aa\u30da\u30ec\u30fc\u30c6\u30a3\u30f3\u30b0\u30b7\u30b9\u30c6\u30e0\uff08Windows\u3001Mac\u306a\u3069\uff09\u3092\u3001\u8a2a\u554f\u8005\u306e\u30a4\u30f3\u30bf\u30fc\u30cd\u30c3\u30c8\u30b5\u30fc\u30d3\u30b9\u30d7\u30ed\u30d0\u30a4\u30c0\u306e\u30c9\u30e1\u30a4\u30f3\u540d\u3068\u3068\u3082\u306b\u81ea\u52d5\u7684\u306b\u8ffd\u8de1\u3057\u307e\u3059\u3002\u307e\u305f\u3001\u5f53\u30b5\u30a4\u30c8\u306e\u66f4\u65b0\u3084\u6539\u5584\u3092\u53ef\u80fd\u306b\u3059\u308b\u305f\u3081\u306b\u3001\u5f53\u30b5\u30a4\u30c8\u3078\u306e\u8a2a\u554f\u8005\u306e\u7dcf\u6570\u3092\u96c6\u8a08\u5f62\u5f0f\u3067\u8ffd\u8de1\u3057\u3066\u3044\u307e\u3059\u3002\u3053\u306e\u30c7\u30fc\u30bf\u306f\u3001\u3088\u308a\u591a\u304f\u306e\u8a2a\u554f\u8005\u304c\u4ed6\u306e\u3082\u306e\u3088\u308a\u7279\u5b9a\u306e\u6a5f\u80fd\u3084\u30a8\u30ea\u30a2\u3092\u597d\u3080\u304b\u3069\u3046\u304b\u3092\u6559\u3048\u3066\u304f\u308c\u307e\u3059\u3002\u307e\u305f\u3001Google Analytics\u306e\u30af\u30c3\u30ad\u30fc\u3082\u4f7f\u7528\u3057\u3066\u304a\u308a\u3001\u304a\u5ba2\u69d8\u304c\u6700\u3082\u8208\u5473\u3092\u304a\u6301\u3061\u306e\u30b3\u30f3\u30c6\u30f3\u30c4\u3092\u7279\u5b9a\u3057\u305f\u308a\u3001\u4e0d\u5177\u5408\u3092\u767a\u898b\u3057\u305f\u308a\u3059\u308b\u306e\u306b\u5f79\u7acb\u3063\u3066\u3044\u307e\u3059\u3002\u304a\u5ba2\u69d8\u306e\u95b2\u89a7\u30c7\u30fc\u30bf\u306f\u533f\u540d\u3067Google\u793e\u306b\u9001\u4fe1\u3055\u308c\u307e\u3059\u3002\u30c6\u30a3\u30eb\u30b1\u30c3\u30c4\u306e\u30a6\u30a7\u30d6\u30b5\u30a4\u30c8\u304b\u3089\u306e\u30af\u30c3\u30ad\u30fc\u3092\u53d7\u3051\u5165\u308c\u308b\u304b\u3069\u3046\u304b\u306f\u3001\u3044\u3064\u3067\u3082\u9078\u629e\u3059\u308b\u3053\u3068\u304c\u3067\u304d\u307e\u3059\u3002<\/p>\n<p style=\"text-align: center;\"><strong>3. \u8a2a\u554f\u8005\u60c5\u5831\uff1a<\/strong><br \/>\n\u30c6\u30a3\u30eb\u30b1\u30c3\u30c4\u30fb\u30b5\u30a4\u30c8\u306e\u30db\u30fc\u30e0\u30da\u30fc\u30b8\u3078\u306e\u8a2a\u554f\u8005\u306b\u306f\u3001\u4ee5\u4e0b\u306e\u60c5\u5831\u304c\u63d0\u4f9b\u3055\u308c\u307e\u3059\uff1a<br \/>\n\u4f7f\u7528\u3055\u308c\u308b\u30af\u30c3\u30ad\u30fc\u306e\u6b63\u78ba\u306a\u76ee\u7684\uff1b<br \/>\n\u30d0\u30ca\u30fc\u306e\u30ea\u30f3\u30af\u3092\u30af\u30ea\u30c3\u30af\u3059\u308b\u3053\u3068\u306b\u3088\u308a\u3001\u3053\u308c\u3089\u306e\u30af\u30c3\u30ad\u30fc\u306b\u53cd\u5bfe\u3057\u3001\u8a2d\u5b9a\u3092\u5909\u66f4\u3059\u308b\u3053\u3068\u304c\u3067\u304d\u308b\u3053\u3068\uff1b<br \/>\n\u30b5\u30a4\u30c8\u306e\u95b2\u89a7\u3092\u7d99\u7d9a\u3059\u308b\u3053\u3068\u3067\u3001\u5229\u7528\u8005\u306e\u7aef\u672b\u306b\u30af\u30c3\u30ad\u30fc\u304c\u4fdd\u5b58\u3055\u308c\u308b\u3053\u3068\u306b\u540c\u610f\u3059\u308b\u3053\u3068\u3002<\/p>\n<p style=\"text-align: center;\">\u95b2\u89a7\u8005\u306e\u81ea\u7531\u3067\u5341\u5206\u306a\u60c5\u5831\u306b\u57fa\u3065\u304f\u660e\u78ba\u306a\u540c\u610f\u3092\u4fdd\u8a3c\u3059\u308b\u3053\u3068\u3001<br \/>\n\u30d0\u30ca\u30fc\u306f\u3001\u95b2\u89a7\u8005\u304c\u95b2\u89a7\u3092\u7d9a\u3051\u308b\u307e\u3067\u6d88\u3048\u307e\u305b\u3093\u3002<\/p>\n<p style=\"text-align: center;\"><strong>4. \u30af\u30c3\u30ad\u30fc\u306e\u4fdd\u5b58\u671f\u9593\uff1a<\/strong><br \/>\nCNIL\u306e\u52e7\u544a\u306b\u5f93\u3044\u3001\u30af\u30c3\u30ad\u30fc\u306f\u3001\u3053\u308c\u3089\u306e\u30af\u30c3\u30ad\u30fc\u306e\u4f7f\u7528\u306b\u5bfe\u3059\u308b\u8a2a\u554f\u8005\u306e\u540c\u610f\u306e\u6709\u52b9\u671f\u9593\u3068\u540c\u69d8\u306b\u3001\u9867\u5ba2\u306e\u7aef\u672b\u306b\u6700\u521d\u306b\u7f6e\u304b\u308c\u3066\u304b\u3089\u6700\u592713\u30f6\u6708\u9593\u4fdd\u5b58\u3055\u308c\u307e\u3059\u3002\u30af\u30c3\u30ad\u30fc\u306e\u6709\u52b9\u671f\u9593\u306f\u3001\u8a2a\u554f\u306e\u305f\u3073\u306b\u5ef6\u9577\u3055\u308c\u308b\u3053\u3068\u306f\u3042\u308a\u307e\u305b\u3093\u3002\u3057\u305f\u304c\u3063\u3066\u3001\u3053\u306e\u671f\u9593\u306e\u7d42\u4e86\u6642\u306b\u3001\u8a2a\u554f\u8005\u306e\u540c\u610f\u3092\u66f4\u65b0\u3059\u308b\u5fc5\u8981\u304c\u3042\u308a\u307e\u3059\u3002<\/p>\n<p style=\"text-align: center;\"><strong>5. \u30a6\u30a7\u30d6\u30d3\u30fc\u30b3\u30f3\uff1a<\/strong><br \/>\n\u5f53\u793e\u306e\u30a6\u30a7\u30d6\u30da\u30fc\u30b8\u304a\u3088\u3073\u96fb\u5b50\u30e1\u30fc\u30eb\u60c5\u5831\u306e\u4e00\u90e8\u306b\u306f\u30011\u30d4\u30af\u30bb\u30ebGIF\u3001\u30af\u30ea\u30a2GIF\u3001\u307e\u305f\u306f1\u30d4\u30af\u30bb\u30eb\u30bf\u30b0\u3068\u547c\u3070\u308c\u308b\u30a6\u30a7\u30d6\u30d3\u30fc\u30b3\u30f3\u3068\u547c\u3070\u308c\u308b\u96fb\u5b50\u753b\u50cf\u304c\u542b\u307e\u308c\u3066\u3044\u308b\u5834\u5408\u304c\u3042\u308a\u307e\u3059\u3002\u30b5\u30a4\u30c8\u4e0a\u3067\u306f\u3001\u5f53\u793e\u306e\u30da\u30fc\u30b8\u3092\u95b2\u89a7\u3057\u305f\u8a2a\u554f\u8005\u3092\u30ab\u30a6\u30f3\u30c8\u3059\u308b\u305f\u3081\u306b\u4f7f\u7528\u3055\u308c\u307e\u3059\u3002\u30d7\u30ed\u30e2\u30fc\u30b7\u30e7\u30f3\u30fb\u30e1\u30c3\u30bb\u30fc\u30b8\u3084\u30cb\u30e5\u30fc\u30b9\u30ec\u30bf\u30fc\u3067\u306f\u3001\u8cfc\u8aad\u8005\u306e\u6570\u3092\u30ab\u30a6\u30f3\u30c8\u3059\u308b\u305f\u3081\u306b\u4f7f\u7528\u3055\u308c\u307e\u3059\u3002\u30a6\u30a7\u30d6\u30d3\u30fc\u30b3\u30f3\u3092\u4f7f\u7528\u3059\u308b\u3053\u3068\u3067\u3001\u8a2a\u554f\u8005\u304c\u6700\u3082\u8208\u5473\u3092\u6301\u3064\u6d3b\u52d5\u3084\u6a5f\u80fd\u306b\u95a2\u3059\u308b\u7d71\u8a08\u60c5\u5831\u3092\u4f5c\u6210\u3057\u3001\u3088\u308a\u30d1\u30fc\u30bd\u30ca\u30e9\u30a4\u30ba\u3055\u308c\u305f\u30b3\u30f3\u30c6\u30f3\u30c4\u3092\u63d0\u4f9b\u3059\u308b\u3053\u3068\u304c\u3067\u304d\u307e\u3059\u3002\u304a\u5ba2\u69d8\u306e\u540c\u610f\u306a\u3057\u306b\u500b\u4eba\u60c5\u5831\u306b\u30a2\u30af\u30bb\u30b9\u3059\u308b\u305f\u3081\u306b\u4f7f\u7528\u3055\u308c\u308b\u3053\u3068\u306f\u3042\u308a\u307e\u305b\u3093\u3002<\/p>\n<p style=\"text-align: center;\"><strong>6. \u30af\u30c3\u30ad\u30fc\u306e\u914d\u4fe1\u3092\u505c\u6b62\u3059\u308b\u306b\u306f\uff1f<\/strong><br \/>\n\u30af\u30c3\u30ad\u30fc\u306e\u53d7\u4fe1\u3092\u5e0c\u671b\u3057\u306a\u3044\u5834\u5408\u306f\u3001\u30af\u30c3\u30ad\u30fc\u304c\u9001\u4fe1\u3055\u308c\u308b\u305f\u3073\u306b\u8b66\u544a\u3092\u8868\u793a\u3059\u308b\u3088\u3046\u306b\u30b3\u30f3\u30d4\u30e5\u30fc\u30bf\u3092\u8a2d\u5b9a\u3059\u308b\u304b\u3001\u30d6\u30e9\u30a6\u30b6\uff08Internet Explorer\u3084Firefox\u306a\u3069\uff09\u3092\u4f7f\u3063\u3066\u3059\u3079\u3066\u306e\u30af\u30c3\u30ad\u30fc\u3092\u7121\u52b9\u306b\u3059\u308b\u3053\u3068\u304c\u3067\u304d\u307e\u3059\u3002<br \/>\n\u30e6\u30fc\u30b6\u30fc\u306f\u3001\u30af\u30c3\u30ad\u30fc\u306e\u30a4\u30f3\u30b9\u30c8\u30fc\u30eb\u3092\u62d2\u5426\u3059\u308b\u305f\u3081\u306b\u3001\u4ee5\u4e0b\u306e\u3088\u3046\u306b\u30b3\u30f3\u30d4\u30e5\u30fc\u30bf\u3092\u8a2d\u5b9a\u3059\u308b\u3053\u3068\u304c\u3067\u304d\u307e\u3059\uff1a<\/p>\n<p style=\"text-align: center;\">Internet Explorer: \u30c4\u30fc\u30eb\u30bf\u30d6\uff08\u53f3\u4e0a\u306e\u30db\u30a4\u30fc\u30eb\u578b\u30d4\u30af\u30c8\u30b0\u30e9\u30e0\uff09\uff0f\u30a4\u30f3\u30bf\u30fc\u30cd\u30c3\u30c8\u30aa\u30d7\u30b7\u30e7\u30f3\uff0f\u6a5f\u5bc6\u4fdd\u6301\u3092\u30af\u30ea\u30c3\u30af\uff0f\u3059\u3079\u3066\u306e\u30af\u30c3\u30ad\u30fc\u3092\u30d6\u30ed\u30c3\u30af\u3059\u308b\u3092\u9078\u629e\uff0fOk\u3067\u78ba\u8a8d\u3002<\/p>\n<p style=\"text-align: center;\">Firefox\u306e\u5834\u5408\uff1a\u30d6\u30e9\u30a6\u30b6\u30a6\u30a3\u30f3\u30c9\u30a6\u306e\u4e0a\u90e8\u306b\u3042\u308bFirefox\u30dc\u30bf\u30f3\u3092\u30af\u30ea\u30c3\u30af\u3057\u3001\u300c\u30aa\u30d7\u30b7\u30e7\u30f3\u300d\u30bf\u30d6\u3078\uff0f\u300c\u30d7\u30e9\u30a4\u30d0\u30b7\u30fc\u300d\u30bf\u30d6\u3092\u30af\u30ea\u30c3\u30af\uff0f\u300c\u4fdd\u6301\u30eb\u30fc\u30eb\u300d\u3092\u300c\u5c65\u6b74\u306b\u500b\u4eba\u8a2d\u5b9a\u3092\u4f7f\u7528\u3059\u308b\u300d\u306b\u8a2d\u5b9a\uff0f\u6700\u5f8c\u306b\u3001\u30af\u30c3\u30ad\u30fc\u3092\u7121\u52b9\u306b\u3059\u308b\u30dc\u30c3\u30af\u30b9\u306e\u30c1\u30a7\u30c3\u30af\u3092\u5916\u3059\u3002<\/p>\n<p style=\"text-align: center;\">\u30b5\u30d5\u30a1\u30ea\u306e\u5834\u5408\uff1a\u30d6\u30e9\u30a6\u30b6\u306e\u53f3\u4e0a\u306b\u3042\u308b\u30e1\u30cb\u30e5\u30fc\u30a2\u30a4\u30b3\u30f3\uff08\u6b6f\u8eca\u306e\u30de\u30fc\u30af\uff09\u3092\u30af\u30ea\u30c3\u30af\uff0f\u300c\u8a2d\u5b9a\u300d\u3092\u9078\u629e\uff0f\u300c\u8a73\u7d30\u8a2d\u5b9a\u3092\u8868\u793a\u300d\u3092\u30af\u30ea\u30c3\u30af\uff0f\u300c\u6a5f\u5bc6\u4fdd\u6301\u300d\u30bb\u30af\u30b7\u30e7\u30f3\u3067\u3001\u300c\u30b3\u30f3\u30c6\u30f3\u30c4\u8a2d\u5b9a\u300d\u3092\u30af\u30ea\u30c3\u30af\uff0f\u300c\u30af\u30c3\u30ad\u30fc\u300d\u30bb\u30af\u30b7\u30e7\u30f3\u3067\u3001\u30af\u30c3\u30ad\u30fc\u3092\u30d6\u30ed\u30c3\u30af\u3067\u304d\u307e\u3059\u3002<\/p>\n<p style=\"text-align: center;\"><strong>\u00a0<\/strong><\/p>\n<p style=\"text-align: center;\">Chrome\u306e\u5834\u5408\uff1a\u30d6\u30e9\u30a6\u30b6\u306e\u53f3\u4e0a\u306b\u3042\u308b\u30e1\u30cb\u30e5\u30fc\u30a2\u30a4\u30b3\u30f3\uff083\u672c\u306e\u6a2a\u7dda\u306e\u30b7\u30f3\u30dc\u30eb\uff09\u3092\u30af\u30ea\u30c3\u30af\uff0f\u300c\u8a2d\u5b9a\u300d\u3092\u9078\u629e\uff0f\u300c\u8a73\u7d30\u8a2d\u5b9a\u3092\u8868\u793a\u300d\u3092\u30af\u30ea\u30c3\u30af\uff0f\u300c\u6a5f\u5bc6\u4fdd\u6301\u300d\u30bb\u30af\u30b7\u30e7\u30f3\u3067\u300c\u74b0\u5883\u8a2d\u5b9a\u300d\u3092\u30af\u30ea\u30c3\u30af\uff0f\u300c\u6a5f\u5bc6\u4fdd\u6301\u300d\u30bf\u30d6\u3067\u3001\u30af\u30c3\u30ad\u30fc\u3092\u30d6\u30ed\u30c3\u30af\u3059\u308b\u3053\u3068\u304c\u3067\u304d\u307e\u3059\u3002<\/p>\n<p style=\"text-align: center;\">\u307e\u305f\u306f\u3001<a href=\"http:\/\/www.aboutcookies.org\">www.aboutcookies.org<\/a>\u3001\u591a\u304f\u306e\u30d6\u30e9\u30a6\u30b6\u3067\u3053\u308c\u3092\u884c\u3046\u65b9\u6cd5\u306b\u3064\u3044\u3066\u306e\u5b8c\u5168\u306a\u60c5\u5831\u304c\u63b2\u8f09\u3055\u308c\u3066\u3044\u307e\u3059\u3002\u307e\u305f\u3001\u30b3\u30f3\u30d4\u30e5\u30fc\u30bf\u304b\u3089\u30af\u30c3\u30ad\u30fc\u3092\u524a\u9664\u3059\u308b\u65b9\u6cd5\u306e\u8a73\u7d30\u3084\u3001\u30af\u30c3\u30ad\u30fc\u306b\u95a2\u3059\u308b\u3088\u308a\u4e00\u822c\u7684\u306a\u60c5\u5831\u3082\u3054\u89a7\u3044\u305f\u3060\u3051\u307e\u3059\u3002\u643a\u5e2f\u96fb\u8a71\u306e\u30d6\u30e9\u30a6\u30b6\u306b\u95a2\u3059\u308b\u60c5\u5831\u306b\u3064\u3044\u3066\u306f\u3001\u304a\u4f7f\u3044\u306e\u30c7\u30d0\u30a4\u30b9\u306e\u30de\u30cb\u30e5\u30a2\u30eb\u3092\u53c2\u7167\u3057\u3066\u304f\u3060\u3055\u3044\u3002<\/p>\n<p style=\"text-align: center;\">\u30af\u30c3\u30ad\u30fc\u3092\u7121\u52b9\u306b\u3059\u308b\u3068\u3001tilckets\u30a6\u30a7\u30d6\u30b5\u30a4\u30c8\u306e\u6a5f\u80fd\u306b\u5f71\u97ff\u3092\u4e0e\u3048\u308b\u53ef\u80fd\u6027\u304c\u3042\u308b\u3053\u3068\u306b\u3054\u6ce8\u610f\u304f\u3060\u3055\u3044\u3002<\/p>\n<p>&nbsp;<\/p>\n","protected":false},"excerpt":{"rendered":"&nbsp; \u2022 1. \u6cd5\u7684\u60c5\u5831 https:\/\/tilckets-pompei.com\/ \u30b5\u30a4\u30c8\u306f\u3001Tiqets\u793e\u3068\u63d0\u643a\u3057\u3066Tiqets\u793e\u304c\u4f5c\u6210\u3057\u305f\u30d7\u30ed\u30e2\u30fc\u30b7\u30e7\u30f3\u30b5\u30a4\u30c8\u3067\u3059\u3002 Tiqets\u793e\u306f\u3001\u8003\u53e4\u5b66\u90fd\u5e02\u30dd\u30f3\u30da\u30a4\u306e\u30aa\u30f3&#8230; <a class=\"view-article\" href=\"https:\/\/tilckets-pompei.com\/ja\/terms-and-conditions\/\">View Article<\/a>","protected":false},"author":3,"featured_media":0,"parent":0,"menu_order":0,"comment_status":"closed","ping_status":"closed","template":"","meta":{"_acf_changed":false,"footnotes":""},"class_list":["post-3803","page","type-page","status-publish","hentry"],"acf":[],"yoast_head":"<!-- This site is optimized with the Yoast SEO plugin v27.3 - https:\/\/yoast.com\/product\/yoast-seo-wordpress\/ -->\n<title>Terms and conditions - Online ticketing service provider<\/title>\n<meta name=\"robots\" content=\"index, follow, max-snippet:-1, max-image-preview:large, max-video-preview:-1\" \/>\n<link rel=\"canonical\" href=\"https:\/\/tilckets-pompei.com\/ja\/terms-and-conditions\/\" \/>\n<meta property=\"og:locale\" content=\"ja_JP\" \/>\n<meta property=\"og:type\" content=\"article\" \/>\n<meta property=\"og:title\" content=\"Terms and conditions - Online ticketing service provider\" \/>\n<meta property=\"og:description\" content=\"&nbsp; \u2022 1. \u6cd5\u7684\u60c5\u5831 https:\/\/tilckets-pompei.com\/ \u30b5\u30a4\u30c8\u306f\u3001Tiqets\u793e\u3068\u63d0\u643a\u3057\u3066Tiqets\u793e\u304c\u4f5c\u6210\u3057\u305f\u30d7\u30ed\u30e2\u30fc\u30b7\u30e7\u30f3\u30b5\u30a4\u30c8\u3067\u3059\u3002 Tiqets\u793e\u306f\u3001\u8003\u53e4\u5b66\u90fd\u5e02\u30dd\u30f3\u30da\u30a4\u306e\u30aa\u30f3... View Article\" \/>\n<meta property=\"og:url\" content=\"https:\/\/tilckets-pompei.com\/ja\/terms-and-conditions\/\" \/>\n<meta property=\"og:site_name\" content=\"Online ticketing service provider\" \/>\n<meta property=\"article:modified_time\" content=\"2025-02-20T08:51:19+00:00\" \/>\n<meta property=\"og:image\" content=\"https:\/\/tilckets-pompei.com\/wp-content\/uploads\/2024\/03\/gabarit-photo-mentions.png\" \/>\n<meta name=\"twitter:card\" content=\"summary_large_image\" \/>\n<meta name=\"twitter:label1\" content=\"\u63a8\u5b9a\u8aad\u307f\u53d6\u308a\u6642\u9593\" \/>\n\t<meta name=\"twitter:data1\" content=\"1\u5206\" \/>\n<script type=\"application\/ld+json\" class=\"yoast-schema-graph\">{\"@context\":\"https:\\\/\\\/schema.org\",\"@graph\":[{\"@type\":\"WebPage\",\"@id\":\"https:\\\/\\\/tilckets-pompei.com\\\/ja\\\/terms-and-conditions\\\/\",\"url\":\"https:\\\/\\\/tilckets-pompei.com\\\/ja\\\/terms-and-conditions\\\/\",\"name\":\"Terms and conditions - Online ticketing service provider\",\"isPartOf\":{\"@id\":\"https:\\\/\\\/tilckets-pompei.com\\\/#website\"},\"primaryImageOfPage\":{\"@id\":\"https:\\\/\\\/tilckets-pompei.com\\\/ja\\\/terms-and-conditions\\\/#primaryimage\"},\"image\":{\"@id\":\"https:\\\/\\\/tilckets-pompei.com\\\/ja\\\/terms-and-conditions\\\/#primaryimage\"},\"thumbnailUrl\":\"https:\\\/\\\/tilckets-pompei.com\\\/wp-content\\\/uploads\\\/2024\\\/03\\\/gabarit-photo-mentions.png\",\"datePublished\":\"2024-03-08T13:28:05+00:00\",\"dateModified\":\"2025-02-20T08:51:19+00:00\",\"breadcrumb\":{\"@id\":\"https:\\\/\\\/tilckets-pompei.com\\\/ja\\\/terms-and-conditions\\\/#breadcrumb\"},\"inLanguage\":\"ja\",\"potentialAction\":[{\"@type\":\"ReadAction\",\"target\":[\"https:\\\/\\\/tilckets-pompei.com\\\/ja\\\/terms-and-conditions\\\/\"]}]},{\"@type\":\"ImageObject\",\"inLanguage\":\"ja\",\"@id\":\"https:\\\/\\\/tilckets-pompei.com\\\/ja\\\/terms-and-conditions\\\/#primaryimage\",\"url\":\"https:\\\/\\\/tilckets-pompei.com\\\/wp-content\\\/uploads\\\/2024\\\/03\\\/gabarit-photo-mentions.png\",\"contentUrl\":\"https:\\\/\\\/tilckets-pompei.com\\\/wp-content\\\/uploads\\\/2024\\\/03\\\/gabarit-photo-mentions.png\"},{\"@type\":\"BreadcrumbList\",\"@id\":\"https:\\\/\\\/tilckets-pompei.com\\\/ja\\\/terms-and-conditions\\\/#breadcrumb\",\"itemListElement\":[{\"@type\":\"ListItem\",\"position\":1,\"name\":\"Accueil\",\"item\":\"https:\\\/\\\/tilckets-pompei.com\\\/ja\\\/\"},{\"@type\":\"ListItem\",\"position\":2,\"name\":\"Terms and conditions\"}]},{\"@type\":\"WebSite\",\"@id\":\"https:\\\/\\\/tilckets-pompei.com\\\/#website\",\"url\":\"https:\\\/\\\/tilckets-pompei.com\\\/\",\"name\":\"Online ticketing service provider\",\"description\":\"D\u00e9couvrez le ticket Pomp\u00e9i pour visiter la cit\u00e9 Arch\u00e9ologique de Naples\",\"potentialAction\":[{\"@type\":\"SearchAction\",\"target\":{\"@type\":\"EntryPoint\",\"urlTemplate\":\"https:\\\/\\\/tilckets-pompei.com\\\/?s={search_term_string}\"},\"query-input\":{\"@type\":\"PropertyValueSpecification\",\"valueRequired\":true,\"valueName\":\"search_term_string\"}}],\"inLanguage\":\"ja\"}]}<\/script>\n<!-- \/ Yoast SEO plugin. -->","yoast_head_json":{"title":"Terms and conditions - Online ticketing service provider","robots":{"index":"index","follow":"follow","max-snippet":"max-snippet:-1","max-image-preview":"max-image-preview:large","max-video-preview":"max-video-preview:-1"},"canonical":"https:\/\/tilckets-pompei.com\/ja\/terms-and-conditions\/","og_locale":"ja_JP","og_type":"article","og_title":"Terms and conditions - Online ticketing service provider","og_description":"&nbsp; \u2022 1. \u6cd5\u7684\u60c5\u5831 https:\/\/tilckets-pompei.com\/ \u30b5\u30a4\u30c8\u306f\u3001Tiqets\u793e\u3068\u63d0\u643a\u3057\u3066Tiqets\u793e\u304c\u4f5c\u6210\u3057\u305f\u30d7\u30ed\u30e2\u30fc\u30b7\u30e7\u30f3\u30b5\u30a4\u30c8\u3067\u3059\u3002 Tiqets\u793e\u306f\u3001\u8003\u53e4\u5b66\u90fd\u5e02\u30dd\u30f3\u30da\u30a4\u306e\u30aa\u30f3... View Article","og_url":"https:\/\/tilckets-pompei.com\/ja\/terms-and-conditions\/","og_site_name":"Online ticketing service provider","article_modified_time":"2025-02-20T08:51:19+00:00","og_image":[{"url":"https:\/\/tilckets-pompei.com\/wp-content\/uploads\/2024\/03\/gabarit-photo-mentions.png","type":"","width":"","height":""}],"twitter_card":"summary_large_image","twitter_misc":{"\u63a8\u5b9a\u8aad\u307f\u53d6\u308a\u6642\u9593":"1\u5206"},"schema":{"@context":"https:\/\/schema.org","@graph":[{"@type":"WebPage","@id":"https:\/\/tilckets-pompei.com\/ja\/terms-and-conditions\/","url":"https:\/\/tilckets-pompei.com\/ja\/terms-and-conditions\/","name":"Terms and conditions - Online ticketing service provider","isPartOf":{"@id":"https:\/\/tilckets-pompei.com\/#website"},"primaryImageOfPage":{"@id":"https:\/\/tilckets-pompei.com\/ja\/terms-and-conditions\/#primaryimage"},"image":{"@id":"https:\/\/tilckets-pompei.com\/ja\/terms-and-conditions\/#primaryimage"},"thumbnailUrl":"https:\/\/tilckets-pompei.com\/wp-content\/uploads\/2024\/03\/gabarit-photo-mentions.png","datePublished":"2024-03-08T13:28:05+00:00","dateModified":"2025-02-20T08:51:19+00:00","breadcrumb":{"@id":"https:\/\/tilckets-pompei.com\/ja\/terms-and-conditions\/#breadcrumb"},"inLanguage":"ja","potentialAction":[{"@type":"ReadAction","target":["https:\/\/tilckets-pompei.com\/ja\/terms-and-conditions\/"]}]},{"@type":"ImageObject","inLanguage":"ja","@id":"https:\/\/tilckets-pompei.com\/ja\/terms-and-conditions\/#primaryimage","url":"https:\/\/tilckets-pompei.com\/wp-content\/uploads\/2024\/03\/gabarit-photo-mentions.png","contentUrl":"https:\/\/tilckets-pompei.com\/wp-content\/uploads\/2024\/03\/gabarit-photo-mentions.png"},{"@type":"BreadcrumbList","@id":"https:\/\/tilckets-pompei.com\/ja\/terms-and-conditions\/#breadcrumb","itemListElement":[{"@type":"ListItem","position":1,"name":"Accueil","item":"https:\/\/tilckets-pompei.com\/ja\/"},{"@type":"ListItem","position":2,"name":"Terms and conditions"}]},{"@type":"WebSite","@id":"https:\/\/tilckets-pompei.com\/#website","url":"https:\/\/tilckets-pompei.com\/","name":"Online ticketing service provider","description":"D\u00e9couvrez le ticket Pomp\u00e9i pour visiter la cit\u00e9 Arch\u00e9ologique de Naples","potentialAction":[{"@type":"SearchAction","target":{"@type":"EntryPoint","urlTemplate":"https:\/\/tilckets-pompei.com\/?s={search_term_string}"},"query-input":{"@type":"PropertyValueSpecification","valueRequired":true,"valueName":"search_term_string"}}],"inLanguage":"ja"}]}},"_links":{"self":[{"href":"https:\/\/tilckets-pompei.com\/ja\/wp-json\/wp\/v2\/pages\/3803","targetHints":{"allow":["GET"]}}],"collection":[{"href":"https:\/\/tilckets-pompei.com\/ja\/wp-json\/wp\/v2\/pages"}],"about":[{"href":"https:\/\/tilckets-pompei.com\/ja\/wp-json\/wp\/v2\/types\/page"}],"author":[{"embeddable":true,"href":"https:\/\/tilckets-pompei.com\/ja\/wp-json\/wp\/v2\/users\/3"}],"replies":[{"embeddable":true,"href":"https:\/\/tilckets-pompei.com\/ja\/wp-json\/wp\/v2\/comments?post=3803"}],"version-history":[{"count":6,"href":"https:\/\/tilckets-pompei.com\/ja\/wp-json\/wp\/v2\/pages\/3803\/revisions"}],"predecessor-version":[{"id":5384,"href":"https:\/\/tilckets-pompei.com\/ja\/wp-json\/wp\/v2\/pages\/3803\/revisions\/5384"}],"wp:attachment":[{"href":"https:\/\/tilckets-pompei.com\/ja\/wp-json\/wp\/v2\/media?parent=3803"}],"curies":[{"name":"wp","href":"https:\/\/api.w.org\/{rel}","templated":true}]}}