{"id":5341,"date":"2024-03-06T16:56:06","date_gmt":"2024-03-06T15:56:06","guid":{"rendered":"https:\/\/tilckets-pompei.com\/terms-and-conditions\/"},"modified":"2025-02-20T09:49:26","modified_gmt":"2025-02-20T08:49:26","slug":"terms-and-conditions","status":"publish","type":"page","link":"https:\/\/tilckets-pompei.com\/nl\/terms-and-conditions\/","title":{"rendered":"Terms and conditions"},"content":{"rendered":"<p style=\"text-align: center;\"><img decoding=\"async\" class=\"aligncenter size-full wp-image-2347\" src=\"https:\/\/tilckets-pompei.com\/wp-content\/uploads\/2024\/03\/gabarit-photo-mentions.png\" alt=\"photo\" \/><\/p>\n<p>&nbsp;<\/p>\n<h2><\/h2>\n<h3 style=\"text-align: center;\"><strong>\u2022 <\/strong><\/h3>\n<h3 style=\"text-align: center;\">1. WETTELIJKE INFORMATIE<\/h3>\n<p style=\"text-align: center;\">De website https:\/\/tilckets-pompei.com is een tilckets ticketing promotie site aangesloten bij Tiqets.<br \/>\nTiqets is \u00e9\u00e9n van de online ticketing dienstverleners van Pompeii.<br \/>\nVia deze site biedt tilckets u de mogelijkheid om online te reserveren met tal van bezoekmogelijkheden via het beveiligde platform van Tiqets. Houd er rekening mee dat de tilckets site niet de offici\u00eble site is, maar een merk dat gelieerd is aan Tiqets.<\/p>\n<p style=\"text-align: center;\">Deze site is niet gelinkt aan de offici\u00eble site van Pompeii.<\/p>\n<p style=\"text-align: center;\">De heer Perillat is de manager van het bedrijf SOCREATIV&#8217;, SOCREATIV&#8217; dat de geregistreerde eigenaar is van het handelsmerk tilckets onder nummer 5017171.<br \/>\nSARL geregistreerd in het handels- en bedrijvenregister van Bordeaux onder nr. 788838316, met maatschappelijke zetel te Bord&#8221;eau Village H15 NOW | Quai des Chartrons | 33300 Bordeaux.<\/p>\n<p style=\"text-align: center;\">Als u vragen of opmerkingen hebt, kunt u per e-mail contact met ons opnemen via <a href=\"mailto:contact-us@tilckets.com\">contact-us@tilckets.com<\/a>.<\/p>\n<p>&nbsp;<\/p>\n<h3 style=\"text-align: center;\">2. PERSOONSGEGEVENS<\/h3>\n<p style=\"text-align: center;\">Aangezien de verkoop wordt uitgevoerd door Tiqets, worden er geen persoonlijke gegevens verzameld op deze site.<\/p>\n<p style=\"text-align: center;\">HOST: OVH<br \/>\n2 rue Kellermann &#8211; 59100 Roubaix &#8211; Frankrijk.<br \/>\nTelefoon: +33 (0)8 99 70 17 61 &#8211; Mail: support@ovh.com<\/p>\n<h3 style=\"text-align: center;\">3. COOKIEBELEID<\/h3>\n<p style=\"text-align: center;\"><strong>1. Definitie:<\/strong><br \/>\nCookies&#8221; zijn gegevensbestanden die een website naar uw computer stuurt terwijl u verbinding hebt met de site.<br \/>\nDeze gegevensbestanden bevatten informatie waarmee de site belangrijke informatie kan onthouden die u in staat stelt de site effectiever te gebruiken.<br \/>\nOnze site gebruikt cookies voor een aantal doeleinden.<\/p>\n<p>&nbsp;<\/p>\n<p style=\"text-align: center;\"><strong>2. Hoe we het gebruiken:<\/strong><br \/>\ntilckets gebruikt cookietechnologie en IP-adressen om informatie te verkrijgen over online bezoekers en ook om geabonneerde bezoekers de beste gepersonaliseerde online ervaring te bieden. Bezoekers van onze sites gebruiken verschillende webbrowsers en verschillende computers. Om uw bezoeken zo gemakkelijk mogelijk te maken, met de technologie die u gebruikt, houden we automatisch bij welk type browser (bijv. Internet Explorer) en besturingssysteem (bijv. Windows, Mac) een bezoeker gebruikt, samen met de domeinnaam van de internetprovider van de bezoeker. We houden ook het totale aantal bezoekers van onze site bij in geaggregeerde vorm, zodat we onze sites kunnen bijwerken en verbeteren. Deze gegevens vertellen ons of meer bezoekers bepaalde functies of gebieden verkiezen boven andere, wat ons helpt om onze site actueel en interessant te houden voor de meerderheid van onze bezoekers. We gebruiken ook Google Analytics-cookies, die ons helpen om te bepalen in welke inhoud u het meest ge\u00efnteresseerd bent en om eventuele storingen op te sporen. Uw surfgegevens worden anoniem naar Google Inc. gestuurd. Je kunt op elk moment kiezen of je cookies van de tilckets website wel of niet accepteert.<\/p>\n<p style=\"text-align: center;\"><strong><br \/>\n3. Bezoekersinformatie :<\/strong><br \/>\nBezoekers van de homepage van de tilckets Site worden ge\u00efnformeerd over :<br \/>\nDe precieze doeleinden van de gebruikte cookies;<br \/>\nDe mogelijkheid om bezwaar te maken tegen deze cookies en de instellingen te wijzigen door te klikken op een link in de banner;<br \/>\ndat door verder te surfen op de site, hij\/zij akkoord gaat met het plaatsen van cookies op zijn\/haar terminal.<\/p>\n<p style=\"text-align: center;\">Om de vrije, ge\u00efnformeerde en ondubbelzinnige toestemming van de Bezoeker te garanderen,<br \/>\nverdwijnt de banner pas wanneer de bezoeker verder surft.<\/p>\n<p style=\"text-align: center;\"><strong>4. Bewaartermijn cookies :<\/strong><br \/>\nIn overeenstemming met de aanbevelingen van de CNIL is de maximale opslagperiode voor cookies dertien (13) maanden nadat ze voor het eerst op de terminal van de klant zijn geplaatst, net als de geldigheidsperiode van de toestemming van de Bezoeker voor het gebruik van deze cookies. De levensduur van cookies wordt niet bij elk bezoek verlengd. De toestemming van de Bezoeker moet daarom aan het einde van deze periode worden verlengd.<\/p>\n<p style=\"text-align: center;\"><strong>5. Webbakens:<\/strong><br \/>\nSommige van onze webpagina&#8217;s en e-mailinformatie kunnen elektronische afbeeldingen bevatten die Web Beacons worden genoemd, soms aangeduid als single-pixel GIF&#8217;s, clear GIF&#8217;s of single-pixel tags. Op de sites worden ze gebruikt om bezoekers te tellen die onze pagina&#8217;s hebben bekeken. In reclameberichten\/nieuwsbrieven stellen ze ons in staat te tellen hoeveel abonnees ze hebben gelezen. Web beacons stellen ons in staat om statistische informatie te ontwikkelen over de activiteiten en functies die het meest interessant zijn voor onze Bezoekers, zodat we hen meer gepersonaliseerde inhoud kunnen bieden. Ze worden niet gebruikt om zonder uw toestemming toegang te krijgen tot uw persoonlijke gegevens.<\/p>\n<p style=\"text-align: center;\"><strong>6. Hoe meld ik me af voor cookies?<\/strong><br \/>\nAls u geen cookies wilt ontvangen, kunt u uw computer zo instellen dat u wordt gewaarschuwd telkens wanneer er een cookie wordt verzonden of u kunt alle cookies uitschakelen via uw browser <em>(bijv. Internet Explorer of Firefox)<\/em>.<br \/>\nGebruikers kunnen hun computer als volgt configureren om de installatie van cookies te weigeren:<\/p>\n<p style=\"text-align: center;\"><strong>Internet Explorer:<\/strong> tabblad Extra <em>(wielvormig pictogram rechtsboven)<\/em> \/ Internetopties \/ klik op Vertrouwelijkheid \/ kies Alle cookies blokkeren \/ bevestig met Ok.<\/p>\n<p style=\"text-align: center;\"><strong>Firefox:<\/strong> klik bovenaan het browservenster op de knop Firefox en ga vervolgens naar het tabblad Opties \/ klik op het tabblad Privacy \/ Stel de Bewaarregels in op: gepersonaliseerde instellingen gebruiken voor geschiedenis \/ Schakel tot slot het selectievakje uit om cookies uit te schakelen.<\/p>\n<p style=\"text-align: center;\"><strong>In Safari:<\/strong> Klik op het menupictogram <em>(gesymboliseerd door een tandwiel)<\/em> rechtsboven in de browser \/ Selecteer Instellingen \/ Klik op Geavanceerde instellingen weergeven \/ Klik in het gedeelte Vertrouwelijkheid op Inhoudsinstellingen \/ In het gedeelte Cookies kunt u cookies blokkeren.<\/p>\n<p style=\"text-align: center;\"><strong>In Chrome:<\/strong> Klik op het menupictogram <em>(gesymboliseerd door drie horizontale lijnen)<\/em> rechtsboven in de browser \/ Selecteer Instellingen \/ Klik op Geavanceerde instellingen weergeven \/ Klik in het gedeelte Vertrouwelijkheid op Voorkeuren \/ In het tabblad Vertrouwelijkheid kunt u cookies blokkeren.<\/p>\n<p style=\"text-align: center;\">U kunt ook naar www.aboutcookies.org gaan waar u alle informatie vindt over hoe u dit op veel browsers kunt doen. U vindt hier ook informatie over het verwijderen van cookies van uw computer en meer algemene informatie over cookies. Voor informatie over dit onderwerp voor de browser van uw mobiele telefoon kunt u de handleiding van uw apparaat raadplegen.<\/p>\n<p style=\"text-align: center;\">Houd er rekening mee dat het weigeren van cookies invloed kan hebben op de functionaliteit van de tilckets website.<\/p>\n<p>&nbsp;<\/p>\n","protected":false},"excerpt":{"rendered":"&nbsp; \u2022 1. WETTELIJKE INFORMATIE De website https:\/\/tilckets-pompei.com is een tilckets ticketing promotie site aangesloten bij Tiqets. Tiqets is \u00e9\u00e9n van de online ticketing dienstverleners van Pompeii. Via deze site biedt tilckets u de mogelijkheid om online te reserveren met tal van bezoekmogelijkheden via het beveiligde platform van Tiqets. Houd er rekening mee dat de&#8230; <a class=\"view-article\" href=\"https:\/\/tilckets-pompei.com\/nl\/terms-and-conditions\/\">Bekijk Artikel<\/a>","protected":false},"author":3,"featured_media":0,"parent":0,"menu_order":0,"comment_status":"closed","ping_status":"closed","template":"","meta":{"_acf_changed":false,"footnotes":""},"class_list":["post-5341","page","type-page","status-publish","hentry"],"acf":[],"yoast_head":"<!-- This site is optimized with the Yoast SEO plugin v27.3 - https:\/\/yoast.com\/product\/yoast-seo-wordpress\/ -->\n<title>Terms and conditions - Online ticketing service provider<\/title>\n<meta name=\"robots\" content=\"index, follow, max-snippet:-1, max-image-preview:large, max-video-preview:-1\" \/>\n<link rel=\"canonical\" href=\"https:\/\/tilckets-pompei.com\/nl\/terms-and-conditions\/\" \/>\n<meta property=\"og:locale\" content=\"nl_NL\" \/>\n<meta property=\"og:type\" content=\"article\" \/>\n<meta property=\"og:title\" content=\"Terms and conditions - Online ticketing service provider\" \/>\n<meta property=\"og:description\" content=\"&nbsp; \u2022 1. WETTELIJKE INFORMATIE De website https:\/\/tilckets-pompei.com is een tilckets ticketing promotie site aangesloten bij Tiqets. Tiqets is \u00e9\u00e9n van de online ticketing dienstverleners van Pompeii. Via deze site biedt tilckets u de mogelijkheid om online te reserveren met tal van bezoekmogelijkheden via het beveiligde platform van Tiqets. Houd er rekening mee dat de... Bekijk Artikel\" \/>\n<meta property=\"og:url\" content=\"https:\/\/tilckets-pompei.com\/nl\/terms-and-conditions\/\" \/>\n<meta property=\"og:site_name\" content=\"Online ticketing service provider\" \/>\n<meta property=\"article:modified_time\" content=\"2025-02-20T08:49:26+00:00\" \/>\n<meta property=\"og:image\" content=\"https:\/\/tilckets-pompei.com\/wp-content\/uploads\/2024\/03\/gabarit-photo-mentions.png\" \/>\n<meta name=\"twitter:card\" content=\"summary_large_image\" \/>\n<meta name=\"twitter:label1\" content=\"Geschatte leestijd\" \/>\n\t<meta name=\"twitter:data1\" content=\"6 minuten\" \/>\n<script type=\"application\/ld+json\" class=\"yoast-schema-graph\">{\"@context\":\"https:\\\/\\\/schema.org\",\"@graph\":[{\"@type\":\"WebPage\",\"@id\":\"https:\\\/\\\/tilckets-pompei.com\\\/nl\\\/terms-and-conditions\\\/\",\"url\":\"https:\\\/\\\/tilckets-pompei.com\\\/nl\\\/terms-and-conditions\\\/\",\"name\":\"Terms and conditions - Online ticketing service provider\",\"isPartOf\":{\"@id\":\"https:\\\/\\\/tilckets-pompei.com\\\/#website\"},\"primaryImageOfPage\":{\"@id\":\"https:\\\/\\\/tilckets-pompei.com\\\/nl\\\/terms-and-conditions\\\/#primaryimage\"},\"image\":{\"@id\":\"https:\\\/\\\/tilckets-pompei.com\\\/nl\\\/terms-and-conditions\\\/#primaryimage\"},\"thumbnailUrl\":\"https:\\\/\\\/tilckets-pompei.com\\\/wp-content\\\/uploads\\\/2024\\\/03\\\/gabarit-photo-mentions.png\",\"datePublished\":\"2024-03-06T15:56:06+00:00\",\"dateModified\":\"2025-02-20T08:49:26+00:00\",\"breadcrumb\":{\"@id\":\"https:\\\/\\\/tilckets-pompei.com\\\/nl\\\/terms-and-conditions\\\/#breadcrumb\"},\"inLanguage\":\"nl-NL\",\"potentialAction\":[{\"@type\":\"ReadAction\",\"target\":[\"https:\\\/\\\/tilckets-pompei.com\\\/nl\\\/terms-and-conditions\\\/\"]}]},{\"@type\":\"ImageObject\",\"inLanguage\":\"nl-NL\",\"@id\":\"https:\\\/\\\/tilckets-pompei.com\\\/nl\\\/terms-and-conditions\\\/#primaryimage\",\"url\":\"https:\\\/\\\/tilckets-pompei.com\\\/wp-content\\\/uploads\\\/2024\\\/03\\\/gabarit-photo-mentions.png\",\"contentUrl\":\"https:\\\/\\\/tilckets-pompei.com\\\/wp-content\\\/uploads\\\/2024\\\/03\\\/gabarit-photo-mentions.png\"},{\"@type\":\"BreadcrumbList\",\"@id\":\"https:\\\/\\\/tilckets-pompei.com\\\/nl\\\/terms-and-conditions\\\/#breadcrumb\",\"itemListElement\":[{\"@type\":\"ListItem\",\"position\":1,\"name\":\"Accueil\",\"item\":\"https:\\\/\\\/tilckets-pompei.com\\\/nl\\\/\"},{\"@type\":\"ListItem\",\"position\":2,\"name\":\"Terms and conditions\"}]},{\"@type\":\"WebSite\",\"@id\":\"https:\\\/\\\/tilckets-pompei.com\\\/#website\",\"url\":\"https:\\\/\\\/tilckets-pompei.com\\\/\",\"name\":\"Online ticketing service provider\",\"description\":\"D\u00e9couvrez le ticket Pomp\u00e9i pour visiter la cit\u00e9 Arch\u00e9ologique de Naples\",\"potentialAction\":[{\"@type\":\"SearchAction\",\"target\":{\"@type\":\"EntryPoint\",\"urlTemplate\":\"https:\\\/\\\/tilckets-pompei.com\\\/?s={search_term_string}\"},\"query-input\":{\"@type\":\"PropertyValueSpecification\",\"valueRequired\":true,\"valueName\":\"search_term_string\"}}],\"inLanguage\":\"nl-NL\"}]}<\/script>\n<!-- \/ Yoast SEO plugin. -->","yoast_head_json":{"title":"Terms and conditions - Online ticketing service provider","robots":{"index":"index","follow":"follow","max-snippet":"max-snippet:-1","max-image-preview":"max-image-preview:large","max-video-preview":"max-video-preview:-1"},"canonical":"https:\/\/tilckets-pompei.com\/nl\/terms-and-conditions\/","og_locale":"nl_NL","og_type":"article","og_title":"Terms and conditions - Online ticketing service provider","og_description":"&nbsp; \u2022 1. WETTELIJKE INFORMATIE De website https:\/\/tilckets-pompei.com is een tilckets ticketing promotie site aangesloten bij Tiqets. Tiqets is \u00e9\u00e9n van de online ticketing dienstverleners van Pompeii. Via deze site biedt tilckets u de mogelijkheid om online te reserveren met tal van bezoekmogelijkheden via het beveiligde platform van Tiqets. Houd er rekening mee dat de... Bekijk Artikel","og_url":"https:\/\/tilckets-pompei.com\/nl\/terms-and-conditions\/","og_site_name":"Online ticketing service provider","article_modified_time":"2025-02-20T08:49:26+00:00","og_image":[{"url":"https:\/\/tilckets-pompei.com\/wp-content\/uploads\/2024\/03\/gabarit-photo-mentions.png","type":"","width":"","height":""}],"twitter_card":"summary_large_image","twitter_misc":{"Geschatte leestijd":"6 minuten"},"schema":{"@context":"https:\/\/schema.org","@graph":[{"@type":"WebPage","@id":"https:\/\/tilckets-pompei.com\/nl\/terms-and-conditions\/","url":"https:\/\/tilckets-pompei.com\/nl\/terms-and-conditions\/","name":"Terms and conditions - Online ticketing service provider","isPartOf":{"@id":"https:\/\/tilckets-pompei.com\/#website"},"primaryImageOfPage":{"@id":"https:\/\/tilckets-pompei.com\/nl\/terms-and-conditions\/#primaryimage"},"image":{"@id":"https:\/\/tilckets-pompei.com\/nl\/terms-and-conditions\/#primaryimage"},"thumbnailUrl":"https:\/\/tilckets-pompei.com\/wp-content\/uploads\/2024\/03\/gabarit-photo-mentions.png","datePublished":"2024-03-06T15:56:06+00:00","dateModified":"2025-02-20T08:49:26+00:00","breadcrumb":{"@id":"https:\/\/tilckets-pompei.com\/nl\/terms-and-conditions\/#breadcrumb"},"inLanguage":"nl-NL","potentialAction":[{"@type":"ReadAction","target":["https:\/\/tilckets-pompei.com\/nl\/terms-and-conditions\/"]}]},{"@type":"ImageObject","inLanguage":"nl-NL","@id":"https:\/\/tilckets-pompei.com\/nl\/terms-and-conditions\/#primaryimage","url":"https:\/\/tilckets-pompei.com\/wp-content\/uploads\/2024\/03\/gabarit-photo-mentions.png","contentUrl":"https:\/\/tilckets-pompei.com\/wp-content\/uploads\/2024\/03\/gabarit-photo-mentions.png"},{"@type":"BreadcrumbList","@id":"https:\/\/tilckets-pompei.com\/nl\/terms-and-conditions\/#breadcrumb","itemListElement":[{"@type":"ListItem","position":1,"name":"Accueil","item":"https:\/\/tilckets-pompei.com\/nl\/"},{"@type":"ListItem","position":2,"name":"Terms and conditions"}]},{"@type":"WebSite","@id":"https:\/\/tilckets-pompei.com\/#website","url":"https:\/\/tilckets-pompei.com\/","name":"Online ticketing service provider","description":"D\u00e9couvrez le ticket Pomp\u00e9i pour visiter la cit\u00e9 Arch\u00e9ologique de Naples","potentialAction":[{"@type":"SearchAction","target":{"@type":"EntryPoint","urlTemplate":"https:\/\/tilckets-pompei.com\/?s={search_term_string}"},"query-input":{"@type":"PropertyValueSpecification","valueRequired":true,"valueName":"search_term_string"}}],"inLanguage":"nl-NL"}]}},"_links":{"self":[{"href":"https:\/\/tilckets-pompei.com\/nl\/wp-json\/wp\/v2\/pages\/5341","targetHints":{"allow":["GET"]}}],"collection":[{"href":"https:\/\/tilckets-pompei.com\/nl\/wp-json\/wp\/v2\/pages"}],"about":[{"href":"https:\/\/tilckets-pompei.com\/nl\/wp-json\/wp\/v2\/types\/page"}],"author":[{"embeddable":true,"href":"https:\/\/tilckets-pompei.com\/nl\/wp-json\/wp\/v2\/users\/3"}],"replies":[{"embeddable":true,"href":"https:\/\/tilckets-pompei.com\/nl\/wp-json\/wp\/v2\/comments?post=5341"}],"version-history":[{"count":3,"href":"https:\/\/tilckets-pompei.com\/nl\/wp-json\/wp\/v2\/pages\/5341\/revisions"}],"predecessor-version":[{"id":5378,"href":"https:\/\/tilckets-pompei.com\/nl\/wp-json\/wp\/v2\/pages\/5341\/revisions\/5378"}],"wp:attachment":[{"href":"https:\/\/tilckets-pompei.com\/nl\/wp-json\/wp\/v2\/media?parent=5341"}],"curies":[{"name":"wp","href":"https:\/\/api.w.org\/{rel}","templated":true}]}}