{"id":1470,"date":"2019-11-17T17:09:56","date_gmt":"2019-11-17T16:09:56","guid":{"rendered":"https:\/\/tilckets-pompei.com\/ticket-parc-guell\/"},"modified":"2026-02-20T22:21:08","modified_gmt":"2026-02-20T21:21:08","slug":"ticket-sagrada-familia","status":"publish","type":"page","link":"https:\/\/tilckets-pompei.com\/zh-hans\/","title":{"rendered":"\u5e9e\u8d1d\u95e8\u7968"},"content":{"rendered":"<blockquote><p>&nbsp;<\/p><\/blockquote>\n","protected":false},"excerpt":{"rendered":"&nbsp;","protected":false},"author":3,"featured_media":4156,"parent":0,"menu_order":0,"comment_status":"closed","ping_status":"closed","template":"templates\/template-home.php","meta":{"_acf_changed":false,"footnotes":""},"class_list":["post-1470","page","type-page","status-publish","has-post-thumbnail","hentry"],"acf":[],"yoast_head":"<!-- This site is optimized with the Yoast SEO plugin v27.4 - https:\/\/yoast.com\/product\/yoast-seo-wordpress\/ -->\n<title>\u5e9e\u8d1d\u95e8\u7968 | tilckets \u53c2\u89c2\u5e9e\u8d1d\u8003\u53e4\u9057\u5740<\/title>\n<meta name=\"description\" content=\"\u9884\u8ba2\u5e9e\u8d1d\u95e8\u7968\u3002\u51ed\u7968\u5165\u573a\uff0c\u81ea\u52a9\u6e38\u6216\u4e2d\u6587\u5bfc\u6e38\uff0c\u4e0e tilckets \u9884\u7ea6\u3002\u4e86\u89e3\u6240\u6709\u6e38\u89c8\u533a\u57df\u3001\u6e38\u89c8\u63d0\u793a\u548c\u5982\u4f55\u524d\u5f80\u3002\u5e9e\u8d1d\u5165\u53e3\u7684\u53c2\u89c2\u65f6\u95f4\u548c\u4ea4\u901a\u5730\u56fe\u3002\" \/>\n<meta name=\"robots\" content=\"index, follow, max-snippet:-1, max-image-preview:large, max-video-preview:-1\" \/>\n<link rel=\"canonical\" href=\"https:\/\/tilckets-pompei.com\/zh-hans\/\" \/>\n<meta property=\"og:locale\" content=\"zh_CN\" \/>\n<meta property=\"og:type\" content=\"article\" \/>\n<meta property=\"og:title\" content=\"\u5e9e\u8d1d\u95e8\u7968 | tilckets \u53c2\u89c2\u5e9e\u8d1d\u8003\u53e4\u9057\u5740\" \/>\n<meta property=\"og:description\" content=\"\u9884\u8ba2\u5e9e\u8d1d\u95e8\u7968\u3002\u51ed\u7968\u5165\u573a\uff0c\u81ea\u52a9\u6e38\u6216\u4e2d\u6587\u5bfc\u6e38\uff0c\u4e0e tilckets \u9884\u7ea6\u3002\u4e86\u89e3\u6240\u6709\u6e38\u89c8\u533a\u57df\u3001\u6e38\u89c8\u63d0\u793a\u548c\u5982\u4f55\u524d\u5f80\u3002\u5e9e\u8d1d\u5165\u53e3\u7684\u53c2\u89c2\u65f6\u95f4\u548c\u4ea4\u901a\u5730\u56fe\u3002\" \/>\n<meta property=\"og:url\" content=\"https:\/\/tilckets-pompei.com\/zh-hans\/\" \/>\n<meta property=\"og:site_name\" content=\"Online ticketing service provider\" \/>\n<meta property=\"article:modified_time\" content=\"2026-02-20T21:21:08+00:00\" \/>\n<meta property=\"og:image\" content=\"https:\/\/tilckets-pompei.com\/wp-content\/uploads\/2024\/07\/billet-pompei-003.jpg\" \/>\n\t<meta property=\"og:image:width\" content=\"1440\" \/>\n\t<meta property=\"og:image:height\" content=\"784\" \/>\n\t<meta property=\"og:image:type\" content=\"image\/jpeg\" \/>\n<meta name=\"twitter:card\" content=\"summary_large_image\" \/>\n<meta name=\"twitter:label1\" content=\"\u9884\u8ba1\u9605\u8bfb\u65f6\u95f4\" \/>\n\t<meta name=\"twitter:data1\" content=\"1 \u5206\" \/>\n<script type=\"application\/ld+json\" class=\"yoast-schema-graph\">{\"@context\":\"https:\\\/\\\/schema.org\",\"@graph\":[{\"@type\":\"WebPage\",\"@id\":\"https:\\\/\\\/tilckets-pompei.com\\\/zh-hans\\\/\",\"url\":\"https:\\\/\\\/tilckets-pompei.com\\\/zh-hans\\\/\",\"name\":\"\u5e9e\u8d1d\u95e8\u7968 | tilckets \u53c2\u89c2\u5e9e\u8d1d\u8003\u53e4\u9057\u5740\",\"isPartOf\":{\"@id\":\"https:\\\/\\\/tilckets-pompei.com\\\/#website\"},\"primaryImageOfPage\":{\"@id\":\"https:\\\/\\\/tilckets-pompei.com\\\/zh-hans\\\/#primaryimage\"},\"image\":{\"@id\":\"https:\\\/\\\/tilckets-pompei.com\\\/zh-hans\\\/#primaryimage\"},\"thumbnailUrl\":\"https:\\\/\\\/tilckets-pompei.com\\\/wp-content\\\/uploads\\\/2024\\\/07\\\/billet-pompei-003.jpg\",\"datePublished\":\"2019-11-17T16:09:56+00:00\",\"dateModified\":\"2026-02-20T21:21:08+00:00\",\"description\":\"\u9884\u8ba2\u5e9e\u8d1d\u95e8\u7968\u3002\u51ed\u7968\u5165\u573a\uff0c\u81ea\u52a9\u6e38\u6216\u4e2d\u6587\u5bfc\u6e38\uff0c\u4e0e tilckets \u9884\u7ea6\u3002\u4e86\u89e3\u6240\u6709\u6e38\u89c8\u533a\u57df\u3001\u6e38\u89c8\u63d0\u793a\u548c\u5982\u4f55\u524d\u5f80\u3002\u5e9e\u8d1d\u5165\u53e3\u7684\u53c2\u89c2\u65f6\u95f4\u548c\u4ea4\u901a\u5730\u56fe\u3002\",\"breadcrumb\":{\"@id\":\"https:\\\/\\\/tilckets-pompei.com\\\/zh-hans\\\/#breadcrumb\"},\"inLanguage\":\"zh-Hans\",\"potentialAction\":[{\"@type\":\"ReadAction\",\"target\":[\"https:\\\/\\\/tilckets-pompei.com\\\/zh-hans\\\/\"]}]},{\"@type\":\"ImageObject\",\"inLanguage\":\"zh-Hans\",\"@id\":\"https:\\\/\\\/tilckets-pompei.com\\\/zh-hans\\\/#primaryimage\",\"url\":\"https:\\\/\\\/tilckets-pompei.com\\\/wp-content\\\/uploads\\\/2024\\\/07\\\/billet-pompei-003.jpg\",\"contentUrl\":\"https:\\\/\\\/tilckets-pompei.com\\\/wp-content\\\/uploads\\\/2024\\\/07\\\/billet-pompei-003.jpg\",\"width\":1440,\"height\":784,\"caption\":\"\u5e9e\u8d1d\u95e8\u7968\"},{\"@type\":\"BreadcrumbList\",\"@id\":\"https:\\\/\\\/tilckets-pompei.com\\\/zh-hans\\\/#breadcrumb\",\"itemListElement\":[{\"@type\":\"ListItem\",\"position\":1,\"name\":\"Accueil\",\"item\":\"https:\\\/\\\/tilckets-pompei.com\\\/zh-hans\\\/\"},{\"@type\":\"ListItem\",\"position\":2,\"name\":\"\u5e9e\u8d1d\u95e8\u7968\"}]},{\"@type\":\"WebSite\",\"@id\":\"https:\\\/\\\/tilckets-pompei.com\\\/#website\",\"url\":\"https:\\\/\\\/tilckets-pompei.com\\\/\",\"name\":\"Online ticketing service provider\",\"description\":\"D\u00e9couvrez le ticket Pomp\u00e9i pour visiter la cit\u00e9 Arch\u00e9ologique de Naples\",\"potentialAction\":[{\"@type\":\"SearchAction\",\"target\":{\"@type\":\"EntryPoint\",\"urlTemplate\":\"https:\\\/\\\/tilckets-pompei.com\\\/?s={search_term_string}\"},\"query-input\":{\"@type\":\"PropertyValueSpecification\",\"valueRequired\":true,\"valueName\":\"search_term_string\"}}],\"inLanguage\":\"zh-Hans\"}]}<\/script>\n<!-- \/ Yoast SEO plugin. -->","yoast_head_json":{"title":"\u5e9e\u8d1d\u95e8\u7968 | tilckets \u53c2\u89c2\u5e9e\u8d1d\u8003\u53e4\u9057\u5740","description":"\u9884\u8ba2\u5e9e\u8d1d\u95e8\u7968\u3002\u51ed\u7968\u5165\u573a\uff0c\u81ea\u52a9\u6e38\u6216\u4e2d\u6587\u5bfc\u6e38\uff0c\u4e0e tilckets \u9884\u7ea6\u3002\u4e86\u89e3\u6240\u6709\u6e38\u89c8\u533a\u57df\u3001\u6e38\u89c8\u63d0\u793a\u548c\u5982\u4f55\u524d\u5f80\u3002\u5e9e\u8d1d\u5165\u53e3\u7684\u53c2\u89c2\u65f6\u95f4\u548c\u4ea4\u901a\u5730\u56fe\u3002","robots":{"index":"index","follow":"follow","max-snippet":"max-snippet:-1","max-image-preview":"max-image-preview:large","max-video-preview":"max-video-preview:-1"},"canonical":"https:\/\/tilckets-pompei.com\/zh-hans\/","og_locale":"zh_CN","og_type":"article","og_title":"\u5e9e\u8d1d\u95e8\u7968 | tilckets \u53c2\u89c2\u5e9e\u8d1d\u8003\u53e4\u9057\u5740","og_description":"\u9884\u8ba2\u5e9e\u8d1d\u95e8\u7968\u3002\u51ed\u7968\u5165\u573a\uff0c\u81ea\u52a9\u6e38\u6216\u4e2d\u6587\u5bfc\u6e38\uff0c\u4e0e tilckets \u9884\u7ea6\u3002\u4e86\u89e3\u6240\u6709\u6e38\u89c8\u533a\u57df\u3001\u6e38\u89c8\u63d0\u793a\u548c\u5982\u4f55\u524d\u5f80\u3002\u5e9e\u8d1d\u5165\u53e3\u7684\u53c2\u89c2\u65f6\u95f4\u548c\u4ea4\u901a\u5730\u56fe\u3002","og_url":"https:\/\/tilckets-pompei.com\/zh-hans\/","og_site_name":"Online ticketing service provider","article_modified_time":"2026-02-20T21:21:08+00:00","og_image":[{"width":1440,"height":784,"url":"https:\/\/tilckets-pompei.com\/wp-content\/uploads\/2024\/07\/billet-pompei-003.jpg","type":"image\/jpeg"}],"twitter_card":"summary_large_image","twitter_misc":{"\u9884\u8ba1\u9605\u8bfb\u65f6\u95f4":"1 \u5206"},"schema":{"@context":"https:\/\/schema.org","@graph":[{"@type":"WebPage","@id":"https:\/\/tilckets-pompei.com\/zh-hans\/","url":"https:\/\/tilckets-pompei.com\/zh-hans\/","name":"\u5e9e\u8d1d\u95e8\u7968 | tilckets \u53c2\u89c2\u5e9e\u8d1d\u8003\u53e4\u9057\u5740","isPartOf":{"@id":"https:\/\/tilckets-pompei.com\/#website"},"primaryImageOfPage":{"@id":"https:\/\/tilckets-pompei.com\/zh-hans\/#primaryimage"},"image":{"@id":"https:\/\/tilckets-pompei.com\/zh-hans\/#primaryimage"},"thumbnailUrl":"https:\/\/tilckets-pompei.com\/wp-content\/uploads\/2024\/07\/billet-pompei-003.jpg","datePublished":"2019-11-17T16:09:56+00:00","dateModified":"2026-02-20T21:21:08+00:00","description":"\u9884\u8ba2\u5e9e\u8d1d\u95e8\u7968\u3002\u51ed\u7968\u5165\u573a\uff0c\u81ea\u52a9\u6e38\u6216\u4e2d\u6587\u5bfc\u6e38\uff0c\u4e0e tilckets \u9884\u7ea6\u3002\u4e86\u89e3\u6240\u6709\u6e38\u89c8\u533a\u57df\u3001\u6e38\u89c8\u63d0\u793a\u548c\u5982\u4f55\u524d\u5f80\u3002\u5e9e\u8d1d\u5165\u53e3\u7684\u53c2\u89c2\u65f6\u95f4\u548c\u4ea4\u901a\u5730\u56fe\u3002","breadcrumb":{"@id":"https:\/\/tilckets-pompei.com\/zh-hans\/#breadcrumb"},"inLanguage":"zh-Hans","potentialAction":[{"@type":"ReadAction","target":["https:\/\/tilckets-pompei.com\/zh-hans\/"]}]},{"@type":"ImageObject","inLanguage":"zh-Hans","@id":"https:\/\/tilckets-pompei.com\/zh-hans\/#primaryimage","url":"https:\/\/tilckets-pompei.com\/wp-content\/uploads\/2024\/07\/billet-pompei-003.jpg","contentUrl":"https:\/\/tilckets-pompei.com\/wp-content\/uploads\/2024\/07\/billet-pompei-003.jpg","width":1440,"height":784,"caption":"\u5e9e\u8d1d\u95e8\u7968"},{"@type":"BreadcrumbList","@id":"https:\/\/tilckets-pompei.com\/zh-hans\/#breadcrumb","itemListElement":[{"@type":"ListItem","position":1,"name":"Accueil","item":"https:\/\/tilckets-pompei.com\/zh-hans\/"},{"@type":"ListItem","position":2,"name":"\u5e9e\u8d1d\u95e8\u7968"}]},{"@type":"WebSite","@id":"https:\/\/tilckets-pompei.com\/#website","url":"https:\/\/tilckets-pompei.com\/","name":"Online ticketing service provider","description":"D\u00e9couvrez le ticket Pomp\u00e9i pour visiter la cit\u00e9 Arch\u00e9ologique de Naples","potentialAction":[{"@type":"SearchAction","target":{"@type":"EntryPoint","urlTemplate":"https:\/\/tilckets-pompei.com\/?s={search_term_string}"},"query-input":{"@type":"PropertyValueSpecification","valueRequired":true,"valueName":"search_term_string"}}],"inLanguage":"zh-Hans"}]}},"_links":{"self":[{"href":"https:\/\/tilckets-pompei.com\/zh-hans\/wp-json\/wp\/v2\/pages\/1470","targetHints":{"allow":["GET"]}}],"collection":[{"href":"https:\/\/tilckets-pompei.com\/zh-hans\/wp-json\/wp\/v2\/pages"}],"about":[{"href":"https:\/\/tilckets-pompei.com\/zh-hans\/wp-json\/wp\/v2\/types\/page"}],"author":[{"embeddable":true,"href":"https:\/\/tilckets-pompei.com\/zh-hans\/wp-json\/wp\/v2\/users\/3"}],"replies":[{"embeddable":true,"href":"https:\/\/tilckets-pompei.com\/zh-hans\/wp-json\/wp\/v2\/comments?post=1470"}],"version-history":[{"count":150,"href":"https:\/\/tilckets-pompei.com\/zh-hans\/wp-json\/wp\/v2\/pages\/1470\/revisions"}],"predecessor-version":[{"id":5847,"href":"https:\/\/tilckets-pompei.com\/zh-hans\/wp-json\/wp\/v2\/pages\/1470\/revisions\/5847"}],"wp:featuredmedia":[{"embeddable":true,"href":"https:\/\/tilckets-pompei.com\/zh-hans\/wp-json\/wp\/v2\/media\/4156"}],"wp:attachment":[{"href":"https:\/\/tilckets-pompei.com\/zh-hans\/wp-json\/wp\/v2\/media?parent=1470"}],"curies":[{"name":"wp","href":"https:\/\/api.w.org\/{rel}","templated":true}]}}